{"id":101,"date":"2024-12-29T22:28:07","date_gmt":"2024-12-29T21:28:07","guid":{"rendered":"http:\/\/test.sarabandefillesdelarochelle.fr\/?page_id=101"},"modified":"2026-02-04T11:23:55","modified_gmt":"2026-02-04T10:23:55","slug":"benevoles","status":"publish","type":"page","link":"https:\/\/sarabandefillesdelarochelle.fr\/index.php\/benevoles\/","title":{"rendered":"B\u00e9n\u00e9voles"},"content":{"rendered":"\n<h3 class=\"wp-block-heading has-text-align-center\"><strong>Sans les b\u00e9n\u00e9voles rien ne serait possible.<\/strong><\/h3>\n\n\n\n<p class=\"has-text-align-center has-medium-font-size\">Pour r\u00e9ussir une telle manifestation, ce ne sont pas moins de 200 b\u00e9n\u00e9voles qui sont n\u00e9cessaires.<\/p>\n\n\n\n<div class=\"wp-block-media-text is-stacked-on-mobile\"><figure class=\"wp-block-media-text__media\"><img loading=\"lazy\" decoding=\"async\" width=\"612\" height=\"408\" src=\"https:\/\/sarabandefillesdelarochelle.fr\/wp-content\/uploads\/2025\/01\/ravito.jpg\" alt=\"\" class=\"wp-image-316 size-full\"\/><\/figure><div class=\"wp-block-media-text__content\">\n<h2 class=\"wp-block-heading\">Vous souhaitez devenir b\u00e9n\u00e9vole?<\/h2>\n\n\n\n<p class=\"has-medium-font-size\">Envoyez-nous un mail en pr\u00e9cisant vos envies: <a href=\"mailto:sarabandedesfillesdelarochelle@gmail.com\">sarabandedesfillesdelarochelle@gmail.com<\/a><\/p>\n<\/div><\/div>\n\n\n\n<h2 class=\"wp-block-heading\">Les missions<\/h2>\n\n\n\n<ul class=\"wp-block-list\">\n<li class=\"has-medium-font-size\">Accueil \/ Installation<\/li>\n\n\n\n<li class=\"has-medium-font-size\">Animation<\/li>\n\n\n\n<li class=\"has-medium-font-size\">Boutique<\/li>\n\n\n\n<li class=\"has-medium-font-size\">Buvette<\/li>\n\n\n\n<li class=\"has-medium-font-size\">Coureurs balai \/ Meneurs<\/li>\n\n\n\n<li class=\"has-medium-font-size\">D\u00e9part \/ Arriv\u00e9e<\/li>\n\n\n\n<li class=\"has-medium-font-size\">Dossards<\/li>\n\n\n\n<li class=\"has-medium-font-size\">Echauffement<\/li>\n\n\n\n<li class=\"has-medium-font-size\">informatique<\/li>\n\n\n\n<li class=\"has-medium-font-size\">M\u00e9dical<\/li>\n\n\n\n<li class=\"has-medium-font-size\">Parcours <\/li>\n\n\n\n<li class=\"has-medium-font-size\">Ravitaillement<\/li>\n\n\n\n<li class=\"has-medium-font-size\">R\u00e9compenses<\/li>\n\n\n\n<li class=\"has-medium-font-size\">S\u00e9curit\u00e9 motos<\/li>\n\n\n\n<li class=\"has-medium-font-size\">S\u00e9curit\u00e9 parcours<\/li>\n\n\n\n<li class=\"has-medium-font-size\">Vid\u00e9o \/ Photo<\/li>\n<\/ul>\n\n\n\n<div class=\"carousel-slider-outer carousel-slider-outer-image-carousel carousel-slider-outer-295\" style=\"--carousel-slider-nav-color:rgb(255,255,255);--carousel-slider-active-nav-color:#00d1b2;--carousel-slider-arrow-size:48px;--carousel-slider-bullet-size:10px\">\n<div id=\"&#039;id-295\" class=\"carousel-slider carousel-slider-295 arrows-visibility-always dots-visibility-never arrows-inside dots-center dots-circle owl-carousel\" data-slide-type=\"image-carousel\" data-owl-settings='{\"nav\":true,\"dots\":false,\"slideBy\":\"page\",\"stagePadding\":0,\"margin\":20,\"loop\":true,\"lazyLoad\":false,\"autoplay\":true,\"autoplayTimeout\":2000,\"autoplaySpeed\":500,\"autoplayHoverPause\":true,\"autoWidth\":true,\"responsive\":{\"300\":{\"items\":1},\"576\":{\"items\":2},\"768\":{\"items\":2},\"1024\":{\"items\":3},\"1280\":{\"items\":4},\"1536\":{\"items\":5}}}'>\n<div class=\"carousel-slider__item\">\n\t<a href=\"https:\/\/www.larochelle.fr\/\" target=\"_blank\"><img loading=\"lazy\" decoding=\"async\" width=\"150\" height=\"150\" src=\"https:\/\/sarabandefillesdelarochelle.fr\/wp-content\/uploads\/2025\/01\/LaRochelle-150x150-1.jpg\" class=\"attachment-thumbnail size-thumbnail\" alt=\"\" \/><\/a><\/div>\n\n<div class=\"carousel-slider__item\">\n\t<a href=\"https:\/\/la.charente-maritime.fr\/\" target=\"_blank\"><img loading=\"lazy\" decoding=\"async\" width=\"150\" height=\"79\" src=\"https:\/\/sarabandefillesdelarochelle.fr\/wp-content\/uploads\/2025\/01\/Conseil-Departemental-285x150-1.jpg\" class=\"attachment-thumbnail size-thumbnail\" alt=\"Conseil D\u00e9partemental\" \/><\/a><\/div>\n\n<div class=\"carousel-slider__item\">\n\t<a href=\"https:\/\/www.fitnessboutique.fr\/pages\/fitnessboutique-la-rochelle\" target=\"_blank\"><img loading=\"lazy\" decoding=\"async\" width=\"150\" height=\"75\" src=\"https:\/\/sarabandefillesdelarochelle.fr\/wp-content\/uploads\/2025\/01\/FitnessBoutique.jpg\" class=\"attachment-thumbnail size-thumbnail\" alt=\"\" \/><\/a><\/div>\n\n<div class=\"carousel-slider__item\">\n\t<a href=\"https:\/\/www.cycles-mazerolles.com\/\" target=\"_blank\"><img loading=\"lazy\" decoding=\"async\" width=\"150\" height=\"89\" src=\"https:\/\/sarabandefillesdelarochelle.fr\/wp-content\/uploads\/2025\/01\/logo-mazerole-1024x609-1.png\" class=\"attachment-thumbnail size-thumbnail\" alt=\"\" \/><\/a><\/div>\n\n<div class=\"carousel-slider__item\">\n\t<a href=\"https:\/\/garage-renault-marans.fr\/\" target=\"_blank\"><img loading=\"lazy\" decoding=\"async\" width=\"150\" height=\"39\" src=\"https:\/\/sarabandefillesdelarochelle.fr\/wp-content\/uploads\/2025\/01\/renault-logo-1-2048x527-1.jpg\" class=\"attachment-thumbnail size-thumbnail\" alt=\"\" \/><\/a><\/div>\n\n<div class=\"carousel-slider__item\">\n\t<a href=\"https:\/\/www.runningconseilpuilboreau.com\/\" target=\"_blank\"><img loading=\"lazy\" decoding=\"async\" width=\"150\" height=\"40\" src=\"https:\/\/sarabandefillesdelarochelle.fr\/wp-content\/uploads\/2025\/01\/runever200-150x150-2.png\" class=\"attachment-thumbnail size-thumbnail\" alt=\"\" \/><\/a><\/div>\n\n<div class=\"carousel-slider__item\">\n\t<a href=\"https:\/\/la-rochelle.kangouroukids.fr\/\" target=\"_blank\"><img loading=\"lazy\" decoding=\"async\" width=\"150\" height=\"43\" src=\"https:\/\/sarabandefillesdelarochelle.fr\/wp-content\/uploads\/2025\/01\/Logo-KGK.jpg\" class=\"attachment-thumbnail size-thumbnail\" alt=\"\" \/><\/a><\/div>\n\n<div class=\"carousel-slider__item\">\n\t<a href=\"https:\/\/www.airspire.fr\/\" target=\"_blank\"><img loading=\"lazy\" decoding=\"async\" width=\"150\" height=\"104\" src=\"https:\/\/sarabandefillesdelarochelle.fr\/wp-content\/uploads\/2025\/01\/logo-airspire.jpg\" class=\"attachment-thumbnail size-thumbnail\" alt=\"\" \/><\/a><\/div>\n\n<div class=\"carousel-slider__item\">\n\t<a href=\"https:\/\/www.e.leclerc\/mag\/e-leclerc-sautel\" target=\"_blank\"><img loading=\"lazy\" decoding=\"async\" width=\"150\" height=\"150\" src=\"https:\/\/sarabandefillesdelarochelle.fr\/wp-content\/uploads\/2025\/01\/leclerc-1-150x150-2.jpg\" class=\"attachment-thumbnail size-thumbnail\" alt=\"\" \/><\/a><\/div>\n\n<div class=\"carousel-slider__item\">\n\t<a href=\"https:\/\/www.facebook.com\/p\/Fitness-Corp-La-Rochelle-100057237858540\/?locale=fr_FR\" target=\"_blank\"><img loading=\"lazy\" decoding=\"async\" width=\"150\" height=\"70\" src=\"https:\/\/sarabandefillesdelarochelle.fr\/wp-content\/uploads\/2025\/02\/FitnessCorp_150px.jpeg\" class=\"attachment-thumbnail size-thumbnail\" alt=\"\" \/><\/a><\/div>\n\n<div class=\"carousel-slider__item\">\n\t<a href=\"https:\/\/www.fountaine-pajot.com\/\" target=\"_blank\"><img loading=\"lazy\" decoding=\"async\" width=\"150\" height=\"54\" src=\"https:\/\/sarabandefillesdelarochelle.fr\/wp-content\/uploads\/2025\/04\/LogoFountainePajot_150px.jpg\" class=\"attachment-thumbnail size-thumbnail\" alt=\"\" \/><\/a><\/div>\n\n<div class=\"carousel-slider__item\">\n\t<a href=\"https:\/\/www.agglo-larochelle.fr\/\" target=\"_blank\"><img loading=\"lazy\" decoding=\"async\" width=\"150\" height=\"46\" src=\"https:\/\/sarabandefillesdelarochelle.fr\/wp-content\/uploads\/2025\/01\/LogoCdA-1024x317-1.jpg\" class=\"attachment-thumbnail size-thumbnail\" alt=\"\" \/><\/a><\/div>\n\n<div class=\"carousel-slider__item\">\n\t<a href=\"https:\/\/bigair-parachutisme.fr\/\" target=\"_blank\"><img loading=\"lazy\" decoding=\"async\" width=\"150\" height=\"63\" src=\"https:\/\/sarabandefillesdelarochelle.fr\/wp-content\/uploads\/2026\/03\/Bigair.png\" class=\"attachment-thumbnail size-thumbnail\" alt=\"\" \/><\/a><\/div>\n\n<\/div><!-- .carousel-slider-295 -->\n<\/div><!-- .carousel-slider-outer-295 -->\n\n","protected":false},"excerpt":{"rendered":"<p>Sans les b\u00e9n\u00e9voles rien ne serait possible. Pour r\u00e9ussir une telle manifestation, ce ne sont pas moins de 200 b\u00e9n\u00e9voles qui sont n\u00e9cessaires. Vous souhaitez devenir b\u00e9n\u00e9vole? Envoyez-nous un mail en pr\u00e9cisant vos envies: sarabandedesfillesdelarochelle@gmail.com Les missions<\/p>\n","protected":false},"author":1,"featured_media":0,"parent":0,"menu_order":0,"comment_status":"closed","ping_status":"closed","template":"","meta":{"footnotes":""},"class_list":["post-101","page","type-page","status-publish","hentry"],"blocksy_meta":[],"yoast_head":"<!-- This site is optimized with the Yoast SEO plugin v26.9 - https:\/\/yoast.com\/product\/yoast-seo-wordpress\/ -->\n<title>B\u00e9n\u00e9voles - La Sarabande des filles de La Rochelle<\/title>\n<meta name=\"description\" content=\"Devenez b\u00e9n\u00e9vole sur la sarabande ! de nombreux postes \u00e0 pourvoir\" \/>\n<meta name=\"robots\" content=\"index, follow, max-snippet:-1, max-image-preview:large, max-video-preview:-1\" \/>\n<link rel=\"canonical\" href=\"https:\/\/sarabandefillesdelarochelle.fr\/index.php\/benevoles\/\" \/>\n<meta property=\"og:locale\" content=\"fr_FR\" \/>\n<meta property=\"og:type\" content=\"article\" \/>\n<meta property=\"og:title\" content=\"B\u00e9n\u00e9voles - La Sarabande des filles de La Rochelle\" \/>\n<meta property=\"og:description\" content=\"Devenez b\u00e9n\u00e9vole sur la sarabande ! de nombreux postes \u00e0 pourvoir\" \/>\n<meta property=\"og:url\" content=\"https:\/\/sarabandefillesdelarochelle.fr\/index.php\/benevoles\/\" \/>\n<meta property=\"og:site_name\" content=\"La Sarabande des filles de La Rochelle\" \/>\n<meta property=\"article:publisher\" content=\"https:\/\/www.facebook.com\/SarabandedesFillesdeLaRochelle\" \/>\n<meta property=\"article:modified_time\" content=\"2026-02-04T10:23:55+00:00\" \/>\n<meta property=\"og:image\" content=\"https:\/\/sarabandefillesdelarochelle.fr\/wp-content\/uploads\/2025\/01\/ravito.jpg\" \/>\n\t<meta property=\"og:image:width\" content=\"612\" \/>\n\t<meta property=\"og:image:height\" content=\"408\" \/>\n\t<meta property=\"og:image:type\" content=\"image\/jpeg\" \/>\n<meta name=\"twitter:card\" content=\"summary_large_image\" \/>\n<meta name=\"twitter:label1\" content=\"Dur\u00e9e de lecture estim\u00e9e\" \/>\n\t<meta name=\"twitter:data1\" content=\"1 minute\" \/>\n<script type=\"application\/ld+json\" class=\"yoast-schema-graph\">{\"@context\":\"https:\/\/schema.org\",\"@graph\":[{\"@type\":\"WebPage\",\"@id\":\"https:\/\/sarabandefillesdelarochelle.fr\/index.php\/benevoles\/\",\"url\":\"https:\/\/sarabandefillesdelarochelle.fr\/index.php\/benevoles\/\",\"name\":\"B\u00e9n\u00e9voles - La Sarabande des filles de La Rochelle\",\"isPartOf\":{\"@id\":\"https:\/\/sarabandefillesdelarochelle.fr\/#website\"},\"primaryImageOfPage\":{\"@id\":\"https:\/\/sarabandefillesdelarochelle.fr\/index.php\/benevoles\/#primaryimage\"},\"image\":{\"@id\":\"https:\/\/sarabandefillesdelarochelle.fr\/index.php\/benevoles\/#primaryimage\"},\"thumbnailUrl\":\"https:\/\/sarabandefillesdelarochelle.fr\/wp-content\/uploads\/2025\/01\/ravito.jpg\",\"datePublished\":\"2024-12-29T21:28:07+00:00\",\"dateModified\":\"2026-02-04T10:23:55+00:00\",\"description\":\"Devenez b\u00e9n\u00e9vole sur la sarabande ! de nombreux postes \u00e0 pourvoir\",\"breadcrumb\":{\"@id\":\"https:\/\/sarabandefillesdelarochelle.fr\/index.php\/benevoles\/#breadcrumb\"},\"inLanguage\":\"fr-FR\",\"potentialAction\":[{\"@type\":\"ReadAction\",\"target\":[\"https:\/\/sarabandefillesdelarochelle.fr\/index.php\/benevoles\/\"]}]},{\"@type\":\"ImageObject\",\"inLanguage\":\"fr-FR\",\"@id\":\"https:\/\/sarabandefillesdelarochelle.fr\/index.php\/benevoles\/#primaryimage\",\"url\":\"https:\/\/sarabandefillesdelarochelle.fr\/wp-content\/uploads\/2025\/01\/ravito.jpg\",\"contentUrl\":\"https:\/\/sarabandefillesdelarochelle.fr\/wp-content\/uploads\/2025\/01\/ravito.jpg\",\"width\":612,\"height\":408},{\"@type\":\"BreadcrumbList\",\"@id\":\"https:\/\/sarabandefillesdelarochelle.fr\/index.php\/benevoles\/#breadcrumb\",\"itemListElement\":[{\"@type\":\"ListItem\",\"position\":1,\"name\":\"Accueil\",\"item\":\"https:\/\/sarabandefillesdelarochelle.fr\/\"},{\"@type\":\"ListItem\",\"position\":2,\"name\":\"B\u00e9n\u00e9voles\"}]},{\"@type\":\"WebSite\",\"@id\":\"https:\/\/sarabandefillesdelarochelle.fr\/#website\",\"url\":\"https:\/\/sarabandefillesdelarochelle.fr\/\",\"name\":\"La Sarabande des filles de La Rochelle\",\"description\":\"\",\"publisher\":{\"@id\":\"https:\/\/sarabandefillesdelarochelle.fr\/#organization\"},\"potentialAction\":[{\"@type\":\"SearchAction\",\"target\":{\"@type\":\"EntryPoint\",\"urlTemplate\":\"https:\/\/sarabandefillesdelarochelle.fr\/?s={search_term_string}\"},\"query-input\":{\"@type\":\"PropertyValueSpecification\",\"valueRequired\":true,\"valueName\":\"search_term_string\"}}],\"inLanguage\":\"fr-FR\"},{\"@type\":\"Organization\",\"@id\":\"https:\/\/sarabandefillesdelarochelle.fr\/#organization\",\"name\":\"La Sarabande des filles de La Rochelle\",\"url\":\"https:\/\/sarabandefillesdelarochelle.fr\/\",\"logo\":{\"@type\":\"ImageObject\",\"inLanguage\":\"fr-FR\",\"@id\":\"https:\/\/sarabandefillesdelarochelle.fr\/#\/schema\/logo\/image\/\",\"url\":\"https:\/\/sarabandefillesdelarochelle.fr\/wp-content\/uploads\/2026\/02\/logo_lasarabandedesfillesdelarochelles_-cmjn-.png\",\"contentUrl\":\"https:\/\/sarabandefillesdelarochelle.fr\/wp-content\/uploads\/2026\/02\/logo_lasarabandedesfillesdelarochelles_-cmjn-.png\",\"width\":1293,\"height\":721,\"caption\":\"La Sarabande des filles de La Rochelle\"},\"image\":{\"@id\":\"https:\/\/sarabandefillesdelarochelle.fr\/#\/schema\/logo\/image\/\"},\"sameAs\":[\"https:\/\/www.facebook.com\/SarabandedesFillesdeLaRochelle\"]}]}<\/script>\n<!-- \/ Yoast SEO plugin. -->","yoast_head_json":{"title":"B\u00e9n\u00e9voles - La Sarabande des filles de La Rochelle","description":"Devenez b\u00e9n\u00e9vole sur la sarabande ! de nombreux postes \u00e0 pourvoir","robots":{"index":"index","follow":"follow","max-snippet":"max-snippet:-1","max-image-preview":"max-image-preview:large","max-video-preview":"max-video-preview:-1"},"canonical":"https:\/\/sarabandefillesdelarochelle.fr\/index.php\/benevoles\/","og_locale":"fr_FR","og_type":"article","og_title":"B\u00e9n\u00e9voles - La Sarabande des filles de La Rochelle","og_description":"Devenez b\u00e9n\u00e9vole sur la sarabande ! de nombreux postes \u00e0 pourvoir","og_url":"https:\/\/sarabandefillesdelarochelle.fr\/index.php\/benevoles\/","og_site_name":"La Sarabande des filles de La Rochelle","article_publisher":"https:\/\/www.facebook.com\/SarabandedesFillesdeLaRochelle","article_modified_time":"2026-02-04T10:23:55+00:00","og_image":[{"width":612,"height":408,"url":"https:\/\/sarabandefillesdelarochelle.fr\/wp-content\/uploads\/2025\/01\/ravito.jpg","type":"image\/jpeg"}],"twitter_card":"summary_large_image","twitter_misc":{"Dur\u00e9e de lecture estim\u00e9e":"1 minute"},"schema":{"@context":"https:\/\/schema.org","@graph":[{"@type":"WebPage","@id":"https:\/\/sarabandefillesdelarochelle.fr\/index.php\/benevoles\/","url":"https:\/\/sarabandefillesdelarochelle.fr\/index.php\/benevoles\/","name":"B\u00e9n\u00e9voles - La Sarabande des filles de La Rochelle","isPartOf":{"@id":"https:\/\/sarabandefillesdelarochelle.fr\/#website"},"primaryImageOfPage":{"@id":"https:\/\/sarabandefillesdelarochelle.fr\/index.php\/benevoles\/#primaryimage"},"image":{"@id":"https:\/\/sarabandefillesdelarochelle.fr\/index.php\/benevoles\/#primaryimage"},"thumbnailUrl":"https:\/\/sarabandefillesdelarochelle.fr\/wp-content\/uploads\/2025\/01\/ravito.jpg","datePublished":"2024-12-29T21:28:07+00:00","dateModified":"2026-02-04T10:23:55+00:00","description":"Devenez b\u00e9n\u00e9vole sur la sarabande ! de nombreux postes \u00e0 pourvoir","breadcrumb":{"@id":"https:\/\/sarabandefillesdelarochelle.fr\/index.php\/benevoles\/#breadcrumb"},"inLanguage":"fr-FR","potentialAction":[{"@type":"ReadAction","target":["https:\/\/sarabandefillesdelarochelle.fr\/index.php\/benevoles\/"]}]},{"@type":"ImageObject","inLanguage":"fr-FR","@id":"https:\/\/sarabandefillesdelarochelle.fr\/index.php\/benevoles\/#primaryimage","url":"https:\/\/sarabandefillesdelarochelle.fr\/wp-content\/uploads\/2025\/01\/ravito.jpg","contentUrl":"https:\/\/sarabandefillesdelarochelle.fr\/wp-content\/uploads\/2025\/01\/ravito.jpg","width":612,"height":408},{"@type":"BreadcrumbList","@id":"https:\/\/sarabandefillesdelarochelle.fr\/index.php\/benevoles\/#breadcrumb","itemListElement":[{"@type":"ListItem","position":1,"name":"Accueil","item":"https:\/\/sarabandefillesdelarochelle.fr\/"},{"@type":"ListItem","position":2,"name":"B\u00e9n\u00e9voles"}]},{"@type":"WebSite","@id":"https:\/\/sarabandefillesdelarochelle.fr\/#website","url":"https:\/\/sarabandefillesdelarochelle.fr\/","name":"La Sarabande des filles de La Rochelle","description":"","publisher":{"@id":"https:\/\/sarabandefillesdelarochelle.fr\/#organization"},"potentialAction":[{"@type":"SearchAction","target":{"@type":"EntryPoint","urlTemplate":"https:\/\/sarabandefillesdelarochelle.fr\/?s={search_term_string}"},"query-input":{"@type":"PropertyValueSpecification","valueRequired":true,"valueName":"search_term_string"}}],"inLanguage":"fr-FR"},{"@type":"Organization","@id":"https:\/\/sarabandefillesdelarochelle.fr\/#organization","name":"La Sarabande des filles de La Rochelle","url":"https:\/\/sarabandefillesdelarochelle.fr\/","logo":{"@type":"ImageObject","inLanguage":"fr-FR","@id":"https:\/\/sarabandefillesdelarochelle.fr\/#\/schema\/logo\/image\/","url":"https:\/\/sarabandefillesdelarochelle.fr\/wp-content\/uploads\/2026\/02\/logo_lasarabandedesfillesdelarochelles_-cmjn-.png","contentUrl":"https:\/\/sarabandefillesdelarochelle.fr\/wp-content\/uploads\/2026\/02\/logo_lasarabandedesfillesdelarochelles_-cmjn-.png","width":1293,"height":721,"caption":"La Sarabande des filles de La Rochelle"},"image":{"@id":"https:\/\/sarabandefillesdelarochelle.fr\/#\/schema\/logo\/image\/"},"sameAs":["https:\/\/www.facebook.com\/SarabandedesFillesdeLaRochelle"]}]}},"_links":{"self":[{"href":"https:\/\/sarabandefillesdelarochelle.fr\/index.php\/wp-json\/wp\/v2\/pages\/101","targetHints":{"allow":["GET"]}}],"collection":[{"href":"https:\/\/sarabandefillesdelarochelle.fr\/index.php\/wp-json\/wp\/v2\/pages"}],"about":[{"href":"https:\/\/sarabandefillesdelarochelle.fr\/index.php\/wp-json\/wp\/v2\/types\/page"}],"author":[{"embeddable":true,"href":"https:\/\/sarabandefillesdelarochelle.fr\/index.php\/wp-json\/wp\/v2\/users\/1"}],"replies":[{"embeddable":true,"href":"https:\/\/sarabandefillesdelarochelle.fr\/index.php\/wp-json\/wp\/v2\/comments?post=101"}],"version-history":[{"count":7,"href":"https:\/\/sarabandefillesdelarochelle.fr\/index.php\/wp-json\/wp\/v2\/pages\/101\/revisions"}],"predecessor-version":[{"id":467,"href":"https:\/\/sarabandefillesdelarochelle.fr\/index.php\/wp-json\/wp\/v2\/pages\/101\/revisions\/467"}],"wp:attachment":[{"href":"https:\/\/sarabandefillesdelarochelle.fr\/index.php\/wp-json\/wp\/v2\/media?parent=101"}],"curies":[{"name":"wp","href":"https:\/\/api.w.org\/{rel}","templated":true}]}}