{"id":242,"date":"2025-01-26T14:19:53","date_gmt":"2025-01-26T13:19:53","guid":{"rendered":"http:\/\/test.sarabandefillesdelarochelle.fr\/?page_id=242"},"modified":"2026-02-04T10:52:22","modified_gmt":"2026-02-04T09:52:22","slug":"edition-2025","status":"publish","type":"page","link":"https:\/\/sarabandefillesdelarochelle.fr\/index.php\/edition-2025\/","title":{"rendered":"Edition 2025"},"content":{"rendered":"\n<h2 class=\"wp-block-heading\">R\u00e9sultats 2025<\/h2>\n\n\n\n<p><a href=\"https:\/\/www.sportinnovation.fr\/Evenements\/Resultats\/6952\">https:\/\/www.sportinnovation.fr\/Evenements\/Resultats\/6952<\/a><\/p>\n\n\n\n<h2 class=\"wp-block-heading\">Inscriptions<\/h2>\n\n\n\n<p><strong>Inscriptions ouvertes du 18\/02 au 15\/05 ici:<\/strong><\/p>\n\n\n\n<p><a href=\"https:\/\/www.sportinnovation.fr\/Evenements\/Inscriptions\/Epreuve\/6952\">https:\/\/www.sportinnovation.fr\/Evenements\/Inscriptions\/Epreuve\/6952<\/a><\/p>\n\n\n\n<p>Vous devrez fournir imp\u00e9rativement:<\/p>\n\n\n\n<ul class=\"wp-block-list\">\n<li>Soit votre licence FFA si vous \u00eates licenci\u00e9e<\/li>\n\n\n\n<li>Soit un PPS (rempla\u00e7ant du certificat m\u00e9dical) accessible sur le site d&rsquo;inscription.<\/li>\n<\/ul>\n\n\n\n<h2 class=\"wp-block-heading\">Modifications \/ v\u00e9rifications \/ PPS<\/h2>\n\n\n\n<p>Si vous souhaitez v\u00e9rifier, modifier votre inscription ou ajouter un PPS, suivez ce lien:<\/p>\n\n\n\n<p><a href=\"https:\/\/www.sportinnovation.fr\/Evenements\/Verifications\/3299\">https:\/\/www.sportinnovation.fr\/Evenements\/Verifications\/3299<\/a><\/p>\n\n\n\n<h2 class=\"wp-block-heading\">La course<\/h2>\n\n\n\n<p>Course chronom\u00e9tr\u00e9e de<mark style=\"background-color:rgba(0, 0, 0, 0)\" class=\"has-inline-color has-palette-color-2-color\"> <strong>7 km<\/strong><\/mark> <strong>limit\u00e9e \u00e0 3000 participantes<\/strong>. Le <strong>d\u00e9part <\/strong>est fix\u00e9 \u00e0 <strong>15 h<\/strong>.<\/p>\n\n\n\n<p><strong>\u00c9chauffement <\/strong>en musique 15 minutes avant le d\u00e9part.<\/p>\n\n\n\n<p><strong><a href=\"https:\/\/sarabandefillesdelarochelle.fr\/wp-content\/uploads\/2025\/01\/Reglement-Sarabande-2025.pdf\" data-type=\"attachment\" data-id=\"341\">T\u00e9l\u00e9chargez le r\u00e8glement 2025<\/a><\/strong><\/p>\n\n\n\n<figure class=\"wp-block-image aligncenter size-full\"><img loading=\"lazy\" decoding=\"async\" width=\"1026\" height=\"620\" src=\"https:\/\/sarabandefillesdelarochelle.fr\/wp-content\/uploads\/2025\/01\/Parcours-2025.jpg\" alt=\"\" class=\"wp-image-243\"\/><\/figure>\n\n\n\n<h2 class=\"wp-block-heading\">Dossards<\/h2>\n\n\n\n<p>Retrait des dossards, <strong>samedi 17 mai 2025 au Mus\u00e9e Maritime de 10h \u00e0 14h<\/strong> sur pr\u00e9sentation d\u2019une pi\u00e8ce d\u2019identit\u00e9 ou de sa photocopie.<\/p>\n\n\n\n<hr class=\"wp-block-separator has-alpha-channel-opacity\"\/>\n\n\n\n<h2 class=\"wp-block-heading\">Village<\/h2>\n\n\n\n<p><strong>Samedi 17 mai 2025 au Mus\u00e9e Maritime de 10h \u00e0 14h<\/strong> . Animations, exposants, photobooth\u2026<\/p>\n\n\n\n<p>Parkings \u00e0 proximit\u00e9 gratuits 1h, privil\u00e9gier les modes de mobilit\u00e9 les plus propres tels que le v\u00e9lo, \u00e0 pied, le bus ILLICO 4\u2026.<\/p>\n\n\n\n<hr class=\"wp-block-separator has-alpha-channel-opacity\"\/>\n\n\n\n<h2 class=\"wp-block-heading\">Challenges<\/h2>\n\n\n\n<p><strong>Challenge M\u00e8re-Fille&nbsp;:<\/strong> Podium pour les trois meilleurs performances. Classement sur les temps cumul\u00e9s.<\/p>\n\n\n\n<p><strong>Challenge M\u00e8re-Fille-Petite Fille&nbsp;<\/strong>: Podium pour les trois meilleurs performances. Classement sur les temps cumul\u00e9s.<\/p>\n\n\n\n<p><strong>Challenge du nombre&nbsp;:<\/strong> remis au club, association, entreprise, collectivit\u00e9 qui aura le plus grand nombre d\u2019arrivantes<\/p>\n\n\n\n<p><strong>Challenge des d\u00e9guis\u00e9es&nbsp;:<\/strong> venez en solo, entre copines ou en groupes courir avec votre plus beau d\u00e9guisement.<\/p>\n\n\n\n<h2 class=\"wp-block-heading\">Questions fr\u00e9quentes<\/h2>\n\n\n\n<details class=\"wp-block-details is-layout-flow wp-block-details-is-layout-flow\"><summary><a>Comment placer mon dossard ?<\/a><\/summary>\n<p>Votre dossard doit \u00eatre plac\u00e9 sur la poitrine, bien lisible et non pli\u00e9. Vous pouvez utiliser un porte-dossard ou des \u00e9pingles.<\/p>\n<\/details>\n\n\n\n<details class=\"wp-block-details is-layout-flow wp-block-details-is-layout-flow\"><summary><a>Est-il possible d\u2019accompagner une coureuse sur une partie du parcours ?<\/a><\/summary>\n<p>Pour des raisons de s\u00e9curit\u00e9, il n\u2019est pas possible d\u2019accompagner une coureuse sur le parcours, quel que soit le moyen de transport.<\/p>\n<\/details>\n\n\n\n<details class=\"wp-block-details is-layout-flow wp-block-details-is-layout-flow\"><summary><a>Puis-je courir avec mes \u00e9couteurs ?<\/a><\/summary>\n<p>Par mesure de s\u00e9curit\u00e9, vous pouvez courir avec seulement 1 \u00e9couteur.<\/p>\n<\/details>\n\n\n\n<details class=\"wp-block-details is-layout-flow wp-block-details-is-layout-flow\"><summary><a>Puis-je courir avec un syst\u00e8me d\u2019hydratation type Camelbak ?<\/a><\/summary>\n<p>Oui, son utilisation est autoris\u00e9e.<\/p>\n<\/details>\n\n\n\n<details class=\"wp-block-details is-layout-flow wp-block-details-is-layout-flow\"><summary><a>Comment conna\u00eetre mon r\u00e9sultat ?<\/a><\/summary>\n<p>Les r\u00e9sultats seront affich\u00e9s sur notre site internet \u00e0 partir de 19h samedi 17 mai.<\/p>\n<\/details>\n\n\n\n<details class=\"wp-block-details is-layout-flow wp-block-details-is-layout-flow\"><summary><a>Existe-t-il un tarif groupe ?<\/a><\/summary>\n<p>Non, il n\u2019y a pas de tarif groupe.<\/p>\n<\/details>\n\n\n\n<details class=\"wp-block-details is-layout-flow wp-block-details-is-layout-flow\"><summary><a>Puis-je revendre ou c\u00e9der mon dossard \u00e0 un tiers&nbsp;?<\/a><\/summary>\n<p>Non, le dossard est individuel, nominatif et non cessible (aucune r\u00e9attribution possible).<\/p>\n<\/details>\n\n\n\n<hr class=\"wp-block-separator has-alpha-channel-opacity\"\/>\n\n\n\n<div class=\"carousel-slider-outer carousel-slider-outer-image-carousel carousel-slider-outer-295\" style=\"--carousel-slider-nav-color:rgb(255,255,255);--carousel-slider-active-nav-color:#00d1b2;--carousel-slider-arrow-size:48px;--carousel-slider-bullet-size:10px\">\n<div id=\"&#039;id-295\" class=\"carousel-slider carousel-slider-295 arrows-visibility-always dots-visibility-never arrows-inside dots-center dots-circle owl-carousel\" data-slide-type=\"image-carousel\" data-owl-settings='{\"nav\":true,\"dots\":false,\"slideBy\":\"page\",\"stagePadding\":0,\"margin\":20,\"loop\":true,\"lazyLoad\":false,\"autoplay\":true,\"autoplayTimeout\":2000,\"autoplaySpeed\":500,\"autoplayHoverPause\":true,\"autoWidth\":true,\"responsive\":{\"300\":{\"items\":1},\"576\":{\"items\":2},\"768\":{\"items\":2},\"1024\":{\"items\":3},\"1280\":{\"items\":4},\"1536\":{\"items\":5}}}'>\n<div class=\"carousel-slider__item\">\n\t<a href=\"https:\/\/www.larochelle.fr\/\" target=\"_blank\"><img loading=\"lazy\" decoding=\"async\" width=\"150\" height=\"150\" src=\"https:\/\/sarabandefillesdelarochelle.fr\/wp-content\/uploads\/2025\/01\/LaRochelle-150x150-1.jpg\" class=\"attachment-thumbnail size-thumbnail\" alt=\"\" \/><\/a><\/div>\n\n<div class=\"carousel-slider__item\">\n\t<a href=\"https:\/\/la.charente-maritime.fr\/\" target=\"_blank\"><img loading=\"lazy\" decoding=\"async\" width=\"150\" height=\"79\" src=\"https:\/\/sarabandefillesdelarochelle.fr\/wp-content\/uploads\/2025\/01\/Conseil-Departemental-285x150-1.jpg\" class=\"attachment-thumbnail size-thumbnail\" alt=\"Conseil D\u00e9partemental\" \/><\/a><\/div>\n\n<div class=\"carousel-slider__item\">\n\t<a href=\"https:\/\/www.fitnessboutique.fr\/pages\/fitnessboutique-la-rochelle\" target=\"_blank\"><img loading=\"lazy\" decoding=\"async\" width=\"150\" height=\"75\" src=\"https:\/\/sarabandefillesdelarochelle.fr\/wp-content\/uploads\/2025\/01\/FitnessBoutique.jpg\" class=\"attachment-thumbnail size-thumbnail\" alt=\"\" \/><\/a><\/div>\n\n<div class=\"carousel-slider__item\">\n\t<a href=\"https:\/\/www.cycles-mazerolles.com\/\" target=\"_blank\"><img loading=\"lazy\" decoding=\"async\" width=\"150\" height=\"89\" src=\"https:\/\/sarabandefillesdelarochelle.fr\/wp-content\/uploads\/2025\/01\/logo-mazerole-1024x609-1.png\" class=\"attachment-thumbnail size-thumbnail\" alt=\"\" \/><\/a><\/div>\n\n<div class=\"carousel-slider__item\">\n\t<a href=\"https:\/\/garage-renault-marans.fr\/\" target=\"_blank\"><img loading=\"lazy\" decoding=\"async\" width=\"150\" height=\"39\" src=\"https:\/\/sarabandefillesdelarochelle.fr\/wp-content\/uploads\/2025\/01\/renault-logo-1-2048x527-1.jpg\" class=\"attachment-thumbnail size-thumbnail\" alt=\"\" \/><\/a><\/div>\n\n<div class=\"carousel-slider__item\">\n\t<a href=\"https:\/\/www.runningconseilpuilboreau.com\/\" target=\"_blank\"><img loading=\"lazy\" decoding=\"async\" width=\"150\" height=\"40\" src=\"https:\/\/sarabandefillesdelarochelle.fr\/wp-content\/uploads\/2025\/01\/runever200-150x150-2.png\" class=\"attachment-thumbnail size-thumbnail\" alt=\"\" \/><\/a><\/div>\n\n<div class=\"carousel-slider__item\">\n\t<a href=\"https:\/\/la-rochelle.kangouroukids.fr\/\" target=\"_blank\"><img loading=\"lazy\" decoding=\"async\" width=\"150\" height=\"43\" src=\"https:\/\/sarabandefillesdelarochelle.fr\/wp-content\/uploads\/2025\/01\/Logo-KGK.jpg\" class=\"attachment-thumbnail size-thumbnail\" alt=\"\" \/><\/a><\/div>\n\n<div class=\"carousel-slider__item\">\n\t<a href=\"https:\/\/www.airspire.fr\/\" target=\"_blank\"><img loading=\"lazy\" decoding=\"async\" width=\"150\" height=\"104\" src=\"https:\/\/sarabandefillesdelarochelle.fr\/wp-content\/uploads\/2025\/01\/logo-airspire.jpg\" class=\"attachment-thumbnail size-thumbnail\" alt=\"\" \/><\/a><\/div>\n\n<div class=\"carousel-slider__item\">\n\t<a href=\"https:\/\/www.e.leclerc\/mag\/e-leclerc-sautel\" target=\"_blank\"><img loading=\"lazy\" decoding=\"async\" width=\"150\" height=\"150\" src=\"https:\/\/sarabandefillesdelarochelle.fr\/wp-content\/uploads\/2025\/01\/leclerc-1-150x150-2.jpg\" class=\"attachment-thumbnail size-thumbnail\" alt=\"\" \/><\/a><\/div>\n\n<div class=\"carousel-slider__item\">\n\t<a href=\"https:\/\/www.facebook.com\/p\/Fitness-Corp-La-Rochelle-100057237858540\/?locale=fr_FR\" target=\"_blank\"><img loading=\"lazy\" decoding=\"async\" width=\"150\" height=\"70\" src=\"https:\/\/sarabandefillesdelarochelle.fr\/wp-content\/uploads\/2025\/02\/FitnessCorp_150px.jpeg\" class=\"attachment-thumbnail size-thumbnail\" alt=\"\" \/><\/a><\/div>\n\n<div class=\"carousel-slider__item\">\n\t<a href=\"https:\/\/www.fountaine-pajot.com\/\" target=\"_blank\"><img loading=\"lazy\" decoding=\"async\" width=\"150\" height=\"54\" src=\"https:\/\/sarabandefillesdelarochelle.fr\/wp-content\/uploads\/2025\/04\/LogoFountainePajot_150px.jpg\" class=\"attachment-thumbnail size-thumbnail\" alt=\"\" \/><\/a><\/div>\n\n<div class=\"carousel-slider__item\">\n\t<a href=\"https:\/\/www.agglo-larochelle.fr\/\" target=\"_blank\"><img loading=\"lazy\" decoding=\"async\" width=\"150\" height=\"46\" src=\"https:\/\/sarabandefillesdelarochelle.fr\/wp-content\/uploads\/2025\/01\/LogoCdA-1024x317-1.jpg\" class=\"attachment-thumbnail size-thumbnail\" alt=\"\" \/><\/a><\/div>\n\n<div class=\"carousel-slider__item\">\n\t<a href=\"https:\/\/bigair-parachutisme.fr\/\" target=\"_blank\"><img loading=\"lazy\" decoding=\"async\" width=\"150\" height=\"63\" src=\"https:\/\/sarabandefillesdelarochelle.fr\/wp-content\/uploads\/2026\/03\/Bigair.png\" class=\"attachment-thumbnail size-thumbnail\" alt=\"\" \/><\/a><\/div>\n\n<\/div><!-- .carousel-slider-295 -->\n<\/div><!-- .carousel-slider-outer-295 -->\n\n","protected":false},"excerpt":{"rendered":"<p>R\u00e9sultats 2025 https:\/\/www.sportinnovation.fr\/Evenements\/Resultats\/6952 Inscriptions Inscriptions ouvertes du 18\/02 au 15\/05 ici: https:\/\/www.sportinnovation.fr\/Evenements\/Inscriptions\/Epreuve\/6952 Vous devrez fournir imp\u00e9rativement: Modifications \/ v\u00e9rifications \/ PPS Si vous souhaitez v\u00e9rifier, modifier votre inscription ou ajouter un PPS, suivez ce lien: https:\/\/www.sportinnovation.fr\/Evenements\/Verifications\/3299 La course Course chronom\u00e9tr\u00e9e de 7 km limit\u00e9e \u00e0 3000 participantes. Le d\u00e9part est fix\u00e9 \u00e0 15 h. \u00c9chauffement [&hellip;]<\/p>\n","protected":false},"author":1,"featured_media":0,"parent":0,"menu_order":0,"comment_status":"closed","ping_status":"closed","template":"","meta":{"footnotes":""},"class_list":["post-242","page","type-page","status-publish","hentry"],"blocksy_meta":[],"yoast_head":"<!-- This site is optimized with the Yoast SEO plugin v26.9 - https:\/\/yoast.com\/product\/yoast-seo-wordpress\/ -->\n<title>Edition 2025 - La Sarabande des filles de La Rochelle<\/title>\n<meta name=\"robots\" content=\"index, follow, max-snippet:-1, max-image-preview:large, max-video-preview:-1\" \/>\n<link rel=\"canonical\" href=\"https:\/\/sarabandefillesdelarochelle.fr\/index.php\/edition-2025\/\" \/>\n<meta property=\"og:locale\" content=\"fr_FR\" \/>\n<meta property=\"og:type\" content=\"article\" \/>\n<meta property=\"og:title\" content=\"Edition 2025 - La Sarabande des filles de La Rochelle\" \/>\n<meta property=\"og:description\" content=\"R\u00e9sultats 2025 https:\/\/www.sportinnovation.fr\/Evenements\/Resultats\/6952 Inscriptions Inscriptions ouvertes du 18\/02 au 15\/05 ici: https:\/\/www.sportinnovation.fr\/Evenements\/Inscriptions\/Epreuve\/6952 Vous devrez fournir imp\u00e9rativement: Modifications \/ v\u00e9rifications \/ PPS Si vous souhaitez v\u00e9rifier, modifier votre inscription ou ajouter un PPS, suivez ce lien: https:\/\/www.sportinnovation.fr\/Evenements\/Verifications\/3299 La course Course chronom\u00e9tr\u00e9e de 7 km limit\u00e9e \u00e0 3000 participantes. Le d\u00e9part est fix\u00e9 \u00e0 15 h. \u00c9chauffement [&hellip;]\" \/>\n<meta property=\"og:url\" content=\"https:\/\/sarabandefillesdelarochelle.fr\/index.php\/edition-2025\/\" \/>\n<meta property=\"og:site_name\" content=\"La Sarabande des filles de La Rochelle\" \/>\n<meta property=\"article:publisher\" content=\"https:\/\/www.facebook.com\/SarabandedesFillesdeLaRochelle\" \/>\n<meta property=\"article:modified_time\" content=\"2026-02-04T09:52:22+00:00\" \/>\n<meta property=\"og:image\" content=\"https:\/\/sarabandefillesdelarochelle.fr\/wp-content\/uploads\/2025\/01\/Parcours-2025.jpg\" \/>\n\t<meta property=\"og:image:width\" content=\"1026\" \/>\n\t<meta property=\"og:image:height\" content=\"620\" \/>\n\t<meta property=\"og:image:type\" content=\"image\/jpeg\" \/>\n<meta name=\"twitter:card\" content=\"summary_large_image\" \/>\n<meta name=\"twitter:label1\" content=\"Dur\u00e9e de lecture estim\u00e9e\" \/>\n\t<meta name=\"twitter:data1\" content=\"2 minutes\" \/>\n<script type=\"application\/ld+json\" class=\"yoast-schema-graph\">{\"@context\":\"https:\/\/schema.org\",\"@graph\":[{\"@type\":\"WebPage\",\"@id\":\"https:\/\/sarabandefillesdelarochelle.fr\/index.php\/edition-2025\/\",\"url\":\"https:\/\/sarabandefillesdelarochelle.fr\/index.php\/edition-2025\/\",\"name\":\"Edition 2025 - La Sarabande des filles de La Rochelle\",\"isPartOf\":{\"@id\":\"https:\/\/sarabandefillesdelarochelle.fr\/#website\"},\"primaryImageOfPage\":{\"@id\":\"https:\/\/sarabandefillesdelarochelle.fr\/index.php\/edition-2025\/#primaryimage\"},\"image\":{\"@id\":\"https:\/\/sarabandefillesdelarochelle.fr\/index.php\/edition-2025\/#primaryimage\"},\"thumbnailUrl\":\"https:\/\/sarabandefillesdelarochelle.fr\/wp-content\/uploads\/2025\/01\/Parcours-2025.jpg\",\"datePublished\":\"2025-01-26T13:19:53+00:00\",\"dateModified\":\"2026-02-04T09:52:22+00:00\",\"breadcrumb\":{\"@id\":\"https:\/\/sarabandefillesdelarochelle.fr\/index.php\/edition-2025\/#breadcrumb\"},\"inLanguage\":\"fr-FR\",\"potentialAction\":[{\"@type\":\"ReadAction\",\"target\":[\"https:\/\/sarabandefillesdelarochelle.fr\/index.php\/edition-2025\/\"]}]},{\"@type\":\"ImageObject\",\"inLanguage\":\"fr-FR\",\"@id\":\"https:\/\/sarabandefillesdelarochelle.fr\/index.php\/edition-2025\/#primaryimage\",\"url\":\"https:\/\/sarabandefillesdelarochelle.fr\/wp-content\/uploads\/2025\/01\/Parcours-2025.jpg\",\"contentUrl\":\"https:\/\/sarabandefillesdelarochelle.fr\/wp-content\/uploads\/2025\/01\/Parcours-2025.jpg\",\"width\":1026,\"height\":620},{\"@type\":\"BreadcrumbList\",\"@id\":\"https:\/\/sarabandefillesdelarochelle.fr\/index.php\/edition-2025\/#breadcrumb\",\"itemListElement\":[{\"@type\":\"ListItem\",\"position\":1,\"name\":\"Accueil\",\"item\":\"https:\/\/sarabandefillesdelarochelle.fr\/\"},{\"@type\":\"ListItem\",\"position\":2,\"name\":\"Edition 2025\"}]},{\"@type\":\"WebSite\",\"@id\":\"https:\/\/sarabandefillesdelarochelle.fr\/#website\",\"url\":\"https:\/\/sarabandefillesdelarochelle.fr\/\",\"name\":\"La Sarabande des filles de La Rochelle\",\"description\":\"\",\"publisher\":{\"@id\":\"https:\/\/sarabandefillesdelarochelle.fr\/#organization\"},\"potentialAction\":[{\"@type\":\"SearchAction\",\"target\":{\"@type\":\"EntryPoint\",\"urlTemplate\":\"https:\/\/sarabandefillesdelarochelle.fr\/?s={search_term_string}\"},\"query-input\":{\"@type\":\"PropertyValueSpecification\",\"valueRequired\":true,\"valueName\":\"search_term_string\"}}],\"inLanguage\":\"fr-FR\"},{\"@type\":\"Organization\",\"@id\":\"https:\/\/sarabandefillesdelarochelle.fr\/#organization\",\"name\":\"La Sarabande des filles de La Rochelle\",\"url\":\"https:\/\/sarabandefillesdelarochelle.fr\/\",\"logo\":{\"@type\":\"ImageObject\",\"inLanguage\":\"fr-FR\",\"@id\":\"https:\/\/sarabandefillesdelarochelle.fr\/#\/schema\/logo\/image\/\",\"url\":\"https:\/\/sarabandefillesdelarochelle.fr\/wp-content\/uploads\/2026\/02\/logo_lasarabandedesfillesdelarochelles_-cmjn-.png\",\"contentUrl\":\"https:\/\/sarabandefillesdelarochelle.fr\/wp-content\/uploads\/2026\/02\/logo_lasarabandedesfillesdelarochelles_-cmjn-.png\",\"width\":1293,\"height\":721,\"caption\":\"La Sarabande des filles de La Rochelle\"},\"image\":{\"@id\":\"https:\/\/sarabandefillesdelarochelle.fr\/#\/schema\/logo\/image\/\"},\"sameAs\":[\"https:\/\/www.facebook.com\/SarabandedesFillesdeLaRochelle\"]}]}<\/script>\n<!-- \/ Yoast SEO plugin. -->","yoast_head_json":{"title":"Edition 2025 - La Sarabande des filles de La Rochelle","robots":{"index":"index","follow":"follow","max-snippet":"max-snippet:-1","max-image-preview":"max-image-preview:large","max-video-preview":"max-video-preview:-1"},"canonical":"https:\/\/sarabandefillesdelarochelle.fr\/index.php\/edition-2025\/","og_locale":"fr_FR","og_type":"article","og_title":"Edition 2025 - La Sarabande des filles de La Rochelle","og_description":"R\u00e9sultats 2025 https:\/\/www.sportinnovation.fr\/Evenements\/Resultats\/6952 Inscriptions Inscriptions ouvertes du 18\/02 au 15\/05 ici: https:\/\/www.sportinnovation.fr\/Evenements\/Inscriptions\/Epreuve\/6952 Vous devrez fournir imp\u00e9rativement: Modifications \/ v\u00e9rifications \/ PPS Si vous souhaitez v\u00e9rifier, modifier votre inscription ou ajouter un PPS, suivez ce lien: https:\/\/www.sportinnovation.fr\/Evenements\/Verifications\/3299 La course Course chronom\u00e9tr\u00e9e de 7 km limit\u00e9e \u00e0 3000 participantes. Le d\u00e9part est fix\u00e9 \u00e0 15 h. \u00c9chauffement [&hellip;]","og_url":"https:\/\/sarabandefillesdelarochelle.fr\/index.php\/edition-2025\/","og_site_name":"La Sarabande des filles de La Rochelle","article_publisher":"https:\/\/www.facebook.com\/SarabandedesFillesdeLaRochelle","article_modified_time":"2026-02-04T09:52:22+00:00","og_image":[{"width":1026,"height":620,"url":"https:\/\/sarabandefillesdelarochelle.fr\/wp-content\/uploads\/2025\/01\/Parcours-2025.jpg","type":"image\/jpeg"}],"twitter_card":"summary_large_image","twitter_misc":{"Dur\u00e9e de lecture estim\u00e9e":"2 minutes"},"schema":{"@context":"https:\/\/schema.org","@graph":[{"@type":"WebPage","@id":"https:\/\/sarabandefillesdelarochelle.fr\/index.php\/edition-2025\/","url":"https:\/\/sarabandefillesdelarochelle.fr\/index.php\/edition-2025\/","name":"Edition 2025 - La Sarabande des filles de La Rochelle","isPartOf":{"@id":"https:\/\/sarabandefillesdelarochelle.fr\/#website"},"primaryImageOfPage":{"@id":"https:\/\/sarabandefillesdelarochelle.fr\/index.php\/edition-2025\/#primaryimage"},"image":{"@id":"https:\/\/sarabandefillesdelarochelle.fr\/index.php\/edition-2025\/#primaryimage"},"thumbnailUrl":"https:\/\/sarabandefillesdelarochelle.fr\/wp-content\/uploads\/2025\/01\/Parcours-2025.jpg","datePublished":"2025-01-26T13:19:53+00:00","dateModified":"2026-02-04T09:52:22+00:00","breadcrumb":{"@id":"https:\/\/sarabandefillesdelarochelle.fr\/index.php\/edition-2025\/#breadcrumb"},"inLanguage":"fr-FR","potentialAction":[{"@type":"ReadAction","target":["https:\/\/sarabandefillesdelarochelle.fr\/index.php\/edition-2025\/"]}]},{"@type":"ImageObject","inLanguage":"fr-FR","@id":"https:\/\/sarabandefillesdelarochelle.fr\/index.php\/edition-2025\/#primaryimage","url":"https:\/\/sarabandefillesdelarochelle.fr\/wp-content\/uploads\/2025\/01\/Parcours-2025.jpg","contentUrl":"https:\/\/sarabandefillesdelarochelle.fr\/wp-content\/uploads\/2025\/01\/Parcours-2025.jpg","width":1026,"height":620},{"@type":"BreadcrumbList","@id":"https:\/\/sarabandefillesdelarochelle.fr\/index.php\/edition-2025\/#breadcrumb","itemListElement":[{"@type":"ListItem","position":1,"name":"Accueil","item":"https:\/\/sarabandefillesdelarochelle.fr\/"},{"@type":"ListItem","position":2,"name":"Edition 2025"}]},{"@type":"WebSite","@id":"https:\/\/sarabandefillesdelarochelle.fr\/#website","url":"https:\/\/sarabandefillesdelarochelle.fr\/","name":"La Sarabande des filles de La Rochelle","description":"","publisher":{"@id":"https:\/\/sarabandefillesdelarochelle.fr\/#organization"},"potentialAction":[{"@type":"SearchAction","target":{"@type":"EntryPoint","urlTemplate":"https:\/\/sarabandefillesdelarochelle.fr\/?s={search_term_string}"},"query-input":{"@type":"PropertyValueSpecification","valueRequired":true,"valueName":"search_term_string"}}],"inLanguage":"fr-FR"},{"@type":"Organization","@id":"https:\/\/sarabandefillesdelarochelle.fr\/#organization","name":"La Sarabande des filles de La Rochelle","url":"https:\/\/sarabandefillesdelarochelle.fr\/","logo":{"@type":"ImageObject","inLanguage":"fr-FR","@id":"https:\/\/sarabandefillesdelarochelle.fr\/#\/schema\/logo\/image\/","url":"https:\/\/sarabandefillesdelarochelle.fr\/wp-content\/uploads\/2026\/02\/logo_lasarabandedesfillesdelarochelles_-cmjn-.png","contentUrl":"https:\/\/sarabandefillesdelarochelle.fr\/wp-content\/uploads\/2026\/02\/logo_lasarabandedesfillesdelarochelles_-cmjn-.png","width":1293,"height":721,"caption":"La Sarabande des filles de La Rochelle"},"image":{"@id":"https:\/\/sarabandefillesdelarochelle.fr\/#\/schema\/logo\/image\/"},"sameAs":["https:\/\/www.facebook.com\/SarabandedesFillesdeLaRochelle"]}]}},"_links":{"self":[{"href":"https:\/\/sarabandefillesdelarochelle.fr\/index.php\/wp-json\/wp\/v2\/pages\/242","targetHints":{"allow":["GET"]}}],"collection":[{"href":"https:\/\/sarabandefillesdelarochelle.fr\/index.php\/wp-json\/wp\/v2\/pages"}],"about":[{"href":"https:\/\/sarabandefillesdelarochelle.fr\/index.php\/wp-json\/wp\/v2\/types\/page"}],"author":[{"embeddable":true,"href":"https:\/\/sarabandefillesdelarochelle.fr\/index.php\/wp-json\/wp\/v2\/users\/1"}],"replies":[{"embeddable":true,"href":"https:\/\/sarabandefillesdelarochelle.fr\/index.php\/wp-json\/wp\/v2\/comments?post=242"}],"version-history":[{"count":19,"href":"https:\/\/sarabandefillesdelarochelle.fr\/index.php\/wp-json\/wp\/v2\/pages\/242\/revisions"}],"predecessor-version":[{"id":449,"href":"https:\/\/sarabandefillesdelarochelle.fr\/index.php\/wp-json\/wp\/v2\/pages\/242\/revisions\/449"}],"wp:attachment":[{"href":"https:\/\/sarabandefillesdelarochelle.fr\/index.php\/wp-json\/wp\/v2\/media?parent=242"}],"curies":[{"name":"wp","href":"https:\/\/api.w.org\/{rel}","templated":true}]}}