{"id":355,"date":"2025-01-28T12:41:35","date_gmt":"2025-01-28T11:41:35","guid":{"rendered":"http:\/\/test.sarabandefillesdelarochelle.fr\/?page_id=355"},"modified":"2026-02-04T10:47:22","modified_gmt":"2026-02-04T09:47:22","slug":"accueil","status":"publish","type":"page","link":"https:\/\/sarabandefillesdelarochelle.fr\/","title":{"rendered":""},"content":{"rendered":"\n<figure class=\"wp-block-image size-full\"><img loading=\"lazy\" decoding=\"async\" width=\"1920\" height=\"600\" src=\"https:\/\/sarabandefillesdelarochelle.fr\/wp-content\/uploads\/2026\/02\/bandeau_1920x600.jpeg\" alt=\"\" class=\"wp-image-444\"\/><\/figure>\n\n\n\n<h2 class=\"wp-block-heading\">Le mot de la presidente<\/h2>\n\n\n\n<p class=\"has-medium-font-size\">La Sarabande des Filles de La Rochelle est une course \u00e0 pied de 7 km, d\u00e9sol\u00e9e pour les marcheuses.<br>Face au succ\u00e8s du 7 km, nous avons d\u00e9cid\u00e9 de renouveler cette distance et de vous r\u00e9server quelques nouveaut\u00e9s :<br>&#8211; Un retour \u00e0 l&rsquo;Encan, c\u00f4t\u00e9 Aquarium, pour notre \u00ab\u00a0village\u00a0\u00bb et la remise de vos dossards<br>&#8211; Un nouveau parcours<br>&#8211; Un d\u00e9part plus fluide<br><\/p>\n\n\n\n<p class=\"has-medium-font-size\">Mais rassurez vous, l\u2019esprit de la course reste le m\u00eame. Toujours la m\u00eame ambiance, la m\u00eame convivialit\u00e9, la m\u00eame sororit\u00e9.<br>Vous pouvez venir entre amies, entre coll\u00e8gues, en famille, en tenue de sport ou d\u00e9guis\u00e9es.<br>Tous les b\u00e9n\u00e9voles qui m\u2019entourent font leur maximum pour que vous gardiez un bon souvenir de cette journ\u00e9e pass\u00e9e en notre compagnie.<br>Un grand MERCI \u00e0 eux, un \u00e9norme <strong>MERCI<\/strong> \u00e0 nos partenaires qu\u2019ils soient institutionnels ou priv\u00e9s et enfin <strong>MERCI<\/strong> \u00e0 vous pour votre fid\u00e9lit\u00e9 et la confiance que<br>vous nous accordez.<\/p>\n\n\n\n<p class=\"has-medium-font-size\"><br>Pour faciliter votre inscription, pr\u00e9parez votre num\u00e9ro de licence FFA ou votre num\u00e9ro de PPS. Pour les mineures, faites compl\u00e9ter l&rsquo;autorisation parentale et surtout \u2026 Surveillez bien les r\u00e9seaux sociaux et le site. Restez connect\u00e9es.<br>Il est temps pour vous de chausser les baskets et pour nous de faire de cette journ\u00e9e une r\u00e9ussite.<br>A bient\u00f4t de vous voir sur la ligne de d\u00e9part et sur la ligne d\u2019arriv\u00e9e.<br>Sportivement<br>Dominique BARTOLI<\/p>\n\n\n\n\n\n<figure class=\"wp-block-image aligncenter size-full\"><img loading=\"lazy\" decoding=\"async\" width=\"196\" height=\"196\" src=\"https:\/\/sarabandefillesdelarochelle.fr\/wp-content\/uploads\/2025\/04\/CharteEcoResponsableNiv3_196px.jpg\" alt=\"\" class=\"wp-image-406\"\/><\/figure>\n\n\n\n<div class=\"carousel-slider-outer carousel-slider-outer-image-carousel carousel-slider-outer-295\" style=\"--carousel-slider-nav-color:rgb(255,255,255);--carousel-slider-active-nav-color:#00d1b2;--carousel-slider-arrow-size:48px;--carousel-slider-bullet-size:10px\">\n<div id=\"&#039;id-295\" class=\"carousel-slider carousel-slider-295 arrows-visibility-always dots-visibility-never arrows-inside dots-center dots-circle owl-carousel\" data-slide-type=\"image-carousel\" data-owl-settings='{\"nav\":true,\"dots\":false,\"slideBy\":\"page\",\"stagePadding\":0,\"margin\":20,\"loop\":true,\"lazyLoad\":false,\"autoplay\":true,\"autoplayTimeout\":2000,\"autoplaySpeed\":500,\"autoplayHoverPause\":true,\"autoWidth\":true,\"responsive\":{\"300\":{\"items\":1},\"576\":{\"items\":2},\"768\":{\"items\":2},\"1024\":{\"items\":3},\"1280\":{\"items\":4},\"1536\":{\"items\":5}}}'>\n<div class=\"carousel-slider__item\">\n\t<a href=\"https:\/\/www.larochelle.fr\/\" target=\"_blank\"><img loading=\"lazy\" decoding=\"async\" width=\"150\" height=\"150\" src=\"https:\/\/sarabandefillesdelarochelle.fr\/wp-content\/uploads\/2025\/01\/LaRochelle-150x150-1.jpg\" class=\"attachment-thumbnail size-thumbnail\" alt=\"\" \/><\/a><\/div>\n\n<div class=\"carousel-slider__item\">\n\t<a href=\"https:\/\/la.charente-maritime.fr\/\" target=\"_blank\"><img loading=\"lazy\" decoding=\"async\" width=\"150\" height=\"79\" src=\"https:\/\/sarabandefillesdelarochelle.fr\/wp-content\/uploads\/2025\/01\/Conseil-Departemental-285x150-1.jpg\" class=\"attachment-thumbnail size-thumbnail\" alt=\"Conseil D\u00e9partemental\" \/><\/a><\/div>\n\n<div class=\"carousel-slider__item\">\n\t<a href=\"https:\/\/www.fitnessboutique.fr\/pages\/fitnessboutique-la-rochelle\" target=\"_blank\"><img loading=\"lazy\" decoding=\"async\" width=\"150\" height=\"75\" src=\"https:\/\/sarabandefillesdelarochelle.fr\/wp-content\/uploads\/2025\/01\/FitnessBoutique.jpg\" class=\"attachment-thumbnail size-thumbnail\" alt=\"\" \/><\/a><\/div>\n\n<div class=\"carousel-slider__item\">\n\t<a href=\"https:\/\/www.cycles-mazerolles.com\/\" target=\"_blank\"><img loading=\"lazy\" decoding=\"async\" width=\"150\" height=\"89\" src=\"https:\/\/sarabandefillesdelarochelle.fr\/wp-content\/uploads\/2025\/01\/logo-mazerole-1024x609-1.png\" class=\"attachment-thumbnail size-thumbnail\" alt=\"\" \/><\/a><\/div>\n\n<div class=\"carousel-slider__item\">\n\t<a href=\"https:\/\/garage-renault-marans.fr\/\" target=\"_blank\"><img loading=\"lazy\" decoding=\"async\" width=\"150\" height=\"39\" src=\"https:\/\/sarabandefillesdelarochelle.fr\/wp-content\/uploads\/2025\/01\/renault-logo-1-2048x527-1.jpg\" class=\"attachment-thumbnail size-thumbnail\" alt=\"\" \/><\/a><\/div>\n\n<div class=\"carousel-slider__item\">\n\t<a href=\"https:\/\/www.runningconseilpuilboreau.com\/\" target=\"_blank\"><img loading=\"lazy\" decoding=\"async\" width=\"150\" height=\"40\" src=\"https:\/\/sarabandefillesdelarochelle.fr\/wp-content\/uploads\/2025\/01\/runever200-150x150-2.png\" class=\"attachment-thumbnail size-thumbnail\" alt=\"\" \/><\/a><\/div>\n\n<div class=\"carousel-slider__item\">\n\t<a href=\"https:\/\/la-rochelle.kangouroukids.fr\/\" target=\"_blank\"><img loading=\"lazy\" decoding=\"async\" width=\"150\" height=\"43\" src=\"https:\/\/sarabandefillesdelarochelle.fr\/wp-content\/uploads\/2025\/01\/Logo-KGK.jpg\" class=\"attachment-thumbnail size-thumbnail\" alt=\"\" \/><\/a><\/div>\n\n<div class=\"carousel-slider__item\">\n\t<a href=\"https:\/\/www.airspire.fr\/\" target=\"_blank\"><img loading=\"lazy\" decoding=\"async\" width=\"150\" height=\"104\" src=\"https:\/\/sarabandefillesdelarochelle.fr\/wp-content\/uploads\/2025\/01\/logo-airspire.jpg\" class=\"attachment-thumbnail size-thumbnail\" alt=\"\" \/><\/a><\/div>\n\n<div class=\"carousel-slider__item\">\n\t<a href=\"https:\/\/www.e.leclerc\/mag\/e-leclerc-sautel\" target=\"_blank\"><img loading=\"lazy\" decoding=\"async\" width=\"150\" height=\"150\" src=\"https:\/\/sarabandefillesdelarochelle.fr\/wp-content\/uploads\/2025\/01\/leclerc-1-150x150-2.jpg\" class=\"attachment-thumbnail size-thumbnail\" alt=\"\" \/><\/a><\/div>\n\n<div class=\"carousel-slider__item\">\n\t<a href=\"https:\/\/www.facebook.com\/p\/Fitness-Corp-La-Rochelle-100057237858540\/?locale=fr_FR\" target=\"_blank\"><img loading=\"lazy\" decoding=\"async\" width=\"150\" height=\"70\" src=\"https:\/\/sarabandefillesdelarochelle.fr\/wp-content\/uploads\/2025\/02\/FitnessCorp_150px.jpeg\" class=\"attachment-thumbnail size-thumbnail\" alt=\"\" \/><\/a><\/div>\n\n<div class=\"carousel-slider__item\">\n\t<a href=\"https:\/\/www.fountaine-pajot.com\/\" target=\"_blank\"><img loading=\"lazy\" decoding=\"async\" width=\"150\" height=\"54\" src=\"https:\/\/sarabandefillesdelarochelle.fr\/wp-content\/uploads\/2025\/04\/LogoFountainePajot_150px.jpg\" class=\"attachment-thumbnail size-thumbnail\" alt=\"\" \/><\/a><\/div>\n\n<div class=\"carousel-slider__item\">\n\t<a href=\"https:\/\/www.agglo-larochelle.fr\/\" target=\"_blank\"><img loading=\"lazy\" decoding=\"async\" width=\"150\" height=\"46\" src=\"https:\/\/sarabandefillesdelarochelle.fr\/wp-content\/uploads\/2025\/01\/LogoCdA-1024x317-1.jpg\" class=\"attachment-thumbnail size-thumbnail\" alt=\"\" \/><\/a><\/div>\n\n<div class=\"carousel-slider__item\">\n\t<a href=\"https:\/\/bigair-parachutisme.fr\/\" target=\"_blank\"><img loading=\"lazy\" decoding=\"async\" width=\"150\" height=\"63\" src=\"https:\/\/sarabandefillesdelarochelle.fr\/wp-content\/uploads\/2026\/03\/Bigair.png\" class=\"attachment-thumbnail size-thumbnail\" alt=\"\" \/><\/a><\/div>\n\n<\/div><!-- .carousel-slider-295 -->\n<\/div><!-- .carousel-slider-outer-295 -->\n\n\n\n\n<hr class=\"wp-block-separator has-alpha-channel-opacity\"\/>\n","protected":false},"excerpt":{"rendered":"<p>Le mot de la presidente La Sarabande des Filles de La Rochelle est une course \u00e0 pied de 7 km, d\u00e9sol\u00e9e pour les marcheuses.Face au succ\u00e8s du 7 km, nous avons d\u00e9cid\u00e9 de renouveler cette distance et de vous r\u00e9server quelques nouveaut\u00e9s :&#8211; Un retour \u00e0 l&rsquo;Encan, c\u00f4t\u00e9 Aquarium, pour notre \u00ab\u00a0village\u00a0\u00bb et la remise [&hellip;]<\/p>\n","protected":false},"author":1,"featured_media":241,"parent":0,"menu_order":0,"comment_status":"closed","ping_status":"closed","template":"","meta":{"footnotes":""},"class_list":["post-355","page","type-page","status-publish","has-post-thumbnail","hentry"],"blocksy_meta":{"has_hero_section":"disabled","styles_descriptor":{"styles":{"desktop":"","tablet":"","mobile":""},"google_fonts":[],"version":6}},"yoast_head":"<!-- This site is optimized with the Yoast SEO plugin v26.9 - https:\/\/yoast.com\/product\/yoast-seo-wordpress\/ -->\n<title>- La Sarabande des filles de La Rochelle<\/title>\n<meta name=\"description\" content=\"Nouvelle edition 2025 avec un unique 7km en plein coeur de La Rochelle, une nouvelle \u00e9quipe et un nouveau site web!\" \/>\n<meta name=\"robots\" content=\"index, follow, max-snippet:-1, max-image-preview:large, max-video-preview:-1\" \/>\n<link rel=\"canonical\" href=\"https:\/\/sarabandefillesdelarochelle.fr\/\" \/>\n<meta property=\"og:locale\" content=\"fr_FR\" \/>\n<meta property=\"og:type\" content=\"article\" \/>\n<meta property=\"og:title\" content=\"- La Sarabande des filles de La Rochelle\" \/>\n<meta property=\"og:description\" content=\"Nouvelle edition 2025 avec un unique 7km en plein coeur de La Rochelle, une nouvelle \u00e9quipe et un nouveau site web!\" \/>\n<meta property=\"og:url\" content=\"https:\/\/sarabandefillesdelarochelle.fr\/\" \/>\n<meta property=\"og:site_name\" content=\"La Sarabande des filles de La Rochelle\" \/>\n<meta property=\"article:publisher\" content=\"https:\/\/www.facebook.com\/SarabandedesFillesdeLaRochelle\" \/>\n<meta property=\"article:modified_time\" content=\"2026-02-04T09:47:22+00:00\" \/>\n<meta property=\"og:image\" content=\"https:\/\/sarabandefillesdelarochelle.fr\/wp-content\/uploads\/2025\/01\/Bandeau-2025.jpg\" \/>\n\t<meta property=\"og:image:width\" content=\"3262\" \/>\n\t<meta property=\"og:image:height\" content=\"1206\" \/>\n\t<meta property=\"og:image:type\" content=\"image\/jpeg\" \/>\n<meta name=\"twitter:card\" content=\"summary_large_image\" \/>\n<meta name=\"twitter:label1\" content=\"Dur\u00e9e de lecture estim\u00e9e\" \/>\n\t<meta name=\"twitter:data1\" content=\"2 minutes\" \/>\n<script type=\"application\/ld+json\" class=\"yoast-schema-graph\">{\"@context\":\"https:\/\/schema.org\",\"@graph\":[{\"@type\":\"WebPage\",\"@id\":\"https:\/\/sarabandefillesdelarochelle.fr\/\",\"url\":\"https:\/\/sarabandefillesdelarochelle.fr\/\",\"name\":\"- La Sarabande des filles de La Rochelle\",\"isPartOf\":{\"@id\":\"https:\/\/sarabandefillesdelarochelle.fr\/#website\"},\"primaryImageOfPage\":{\"@id\":\"https:\/\/sarabandefillesdelarochelle.fr\/#primaryimage\"},\"image\":{\"@id\":\"https:\/\/sarabandefillesdelarochelle.fr\/#primaryimage\"},\"thumbnailUrl\":\"https:\/\/sarabandefillesdelarochelle.fr\/wp-content\/uploads\/2025\/01\/Bandeau-2025.jpg\",\"datePublished\":\"2025-01-28T11:41:35+00:00\",\"dateModified\":\"2026-02-04T09:47:22+00:00\",\"description\":\"Nouvelle edition 2025 avec un unique 7km en plein coeur de La Rochelle, une nouvelle \u00e9quipe et un nouveau site web!\",\"inLanguage\":\"fr-FR\",\"potentialAction\":[{\"@type\":\"ReadAction\",\"target\":[\"https:\/\/sarabandefillesdelarochelle.fr\/\"]}]},{\"@type\":\"ImageObject\",\"inLanguage\":\"fr-FR\",\"@id\":\"https:\/\/sarabandefillesdelarochelle.fr\/#primaryimage\",\"url\":\"https:\/\/sarabandefillesdelarochelle.fr\/wp-content\/uploads\/2025\/01\/Bandeau-2025.jpg\",\"contentUrl\":\"https:\/\/sarabandefillesdelarochelle.fr\/wp-content\/uploads\/2025\/01\/Bandeau-2025.jpg\",\"width\":3262,\"height\":1206},{\"@type\":\"WebSite\",\"@id\":\"https:\/\/sarabandefillesdelarochelle.fr\/#website\",\"url\":\"https:\/\/sarabandefillesdelarochelle.fr\/\",\"name\":\"La Sarabande des filles de La Rochelle\",\"description\":\"\",\"publisher\":{\"@id\":\"https:\/\/sarabandefillesdelarochelle.fr\/#organization\"},\"potentialAction\":[{\"@type\":\"SearchAction\",\"target\":{\"@type\":\"EntryPoint\",\"urlTemplate\":\"https:\/\/sarabandefillesdelarochelle.fr\/?s={search_term_string}\"},\"query-input\":{\"@type\":\"PropertyValueSpecification\",\"valueRequired\":true,\"valueName\":\"search_term_string\"}}],\"inLanguage\":\"fr-FR\"},{\"@type\":\"Organization\",\"@id\":\"https:\/\/sarabandefillesdelarochelle.fr\/#organization\",\"name\":\"La Sarabande des filles de La Rochelle\",\"url\":\"https:\/\/sarabandefillesdelarochelle.fr\/\",\"logo\":{\"@type\":\"ImageObject\",\"inLanguage\":\"fr-FR\",\"@id\":\"https:\/\/sarabandefillesdelarochelle.fr\/#\/schema\/logo\/image\/\",\"url\":\"https:\/\/sarabandefillesdelarochelle.fr\/wp-content\/uploads\/2026\/02\/logo_lasarabandedesfillesdelarochelles_-cmjn-.png\",\"contentUrl\":\"https:\/\/sarabandefillesdelarochelle.fr\/wp-content\/uploads\/2026\/02\/logo_lasarabandedesfillesdelarochelles_-cmjn-.png\",\"width\":1293,\"height\":721,\"caption\":\"La Sarabande des filles de La Rochelle\"},\"image\":{\"@id\":\"https:\/\/sarabandefillesdelarochelle.fr\/#\/schema\/logo\/image\/\"},\"sameAs\":[\"https:\/\/www.facebook.com\/SarabandedesFillesdeLaRochelle\"]}]}<\/script>\n<!-- \/ Yoast SEO plugin. -->","yoast_head_json":{"title":"- La Sarabande des filles de La Rochelle","description":"Nouvelle edition 2025 avec un unique 7km en plein coeur de La Rochelle, une nouvelle \u00e9quipe et un nouveau site web!","robots":{"index":"index","follow":"follow","max-snippet":"max-snippet:-1","max-image-preview":"max-image-preview:large","max-video-preview":"max-video-preview:-1"},"canonical":"https:\/\/sarabandefillesdelarochelle.fr\/","og_locale":"fr_FR","og_type":"article","og_title":"- La Sarabande des filles de La Rochelle","og_description":"Nouvelle edition 2025 avec un unique 7km en plein coeur de La Rochelle, une nouvelle \u00e9quipe et un nouveau site web!","og_url":"https:\/\/sarabandefillesdelarochelle.fr\/","og_site_name":"La Sarabande des filles de La Rochelle","article_publisher":"https:\/\/www.facebook.com\/SarabandedesFillesdeLaRochelle","article_modified_time":"2026-02-04T09:47:22+00:00","og_image":[{"width":3262,"height":1206,"url":"https:\/\/sarabandefillesdelarochelle.fr\/wp-content\/uploads\/2025\/01\/Bandeau-2025.jpg","type":"image\/jpeg"}],"twitter_card":"summary_large_image","twitter_misc":{"Dur\u00e9e de lecture estim\u00e9e":"2 minutes"},"schema":{"@context":"https:\/\/schema.org","@graph":[{"@type":"WebPage","@id":"https:\/\/sarabandefillesdelarochelle.fr\/","url":"https:\/\/sarabandefillesdelarochelle.fr\/","name":"- La Sarabande des filles de La Rochelle","isPartOf":{"@id":"https:\/\/sarabandefillesdelarochelle.fr\/#website"},"primaryImageOfPage":{"@id":"https:\/\/sarabandefillesdelarochelle.fr\/#primaryimage"},"image":{"@id":"https:\/\/sarabandefillesdelarochelle.fr\/#primaryimage"},"thumbnailUrl":"https:\/\/sarabandefillesdelarochelle.fr\/wp-content\/uploads\/2025\/01\/Bandeau-2025.jpg","datePublished":"2025-01-28T11:41:35+00:00","dateModified":"2026-02-04T09:47:22+00:00","description":"Nouvelle edition 2025 avec un unique 7km en plein coeur de La Rochelle, une nouvelle \u00e9quipe et un nouveau site web!","inLanguage":"fr-FR","potentialAction":[{"@type":"ReadAction","target":["https:\/\/sarabandefillesdelarochelle.fr\/"]}]},{"@type":"ImageObject","inLanguage":"fr-FR","@id":"https:\/\/sarabandefillesdelarochelle.fr\/#primaryimage","url":"https:\/\/sarabandefillesdelarochelle.fr\/wp-content\/uploads\/2025\/01\/Bandeau-2025.jpg","contentUrl":"https:\/\/sarabandefillesdelarochelle.fr\/wp-content\/uploads\/2025\/01\/Bandeau-2025.jpg","width":3262,"height":1206},{"@type":"WebSite","@id":"https:\/\/sarabandefillesdelarochelle.fr\/#website","url":"https:\/\/sarabandefillesdelarochelle.fr\/","name":"La Sarabande des filles de La Rochelle","description":"","publisher":{"@id":"https:\/\/sarabandefillesdelarochelle.fr\/#organization"},"potentialAction":[{"@type":"SearchAction","target":{"@type":"EntryPoint","urlTemplate":"https:\/\/sarabandefillesdelarochelle.fr\/?s={search_term_string}"},"query-input":{"@type":"PropertyValueSpecification","valueRequired":true,"valueName":"search_term_string"}}],"inLanguage":"fr-FR"},{"@type":"Organization","@id":"https:\/\/sarabandefillesdelarochelle.fr\/#organization","name":"La Sarabande des filles de La Rochelle","url":"https:\/\/sarabandefillesdelarochelle.fr\/","logo":{"@type":"ImageObject","inLanguage":"fr-FR","@id":"https:\/\/sarabandefillesdelarochelle.fr\/#\/schema\/logo\/image\/","url":"https:\/\/sarabandefillesdelarochelle.fr\/wp-content\/uploads\/2026\/02\/logo_lasarabandedesfillesdelarochelles_-cmjn-.png","contentUrl":"https:\/\/sarabandefillesdelarochelle.fr\/wp-content\/uploads\/2026\/02\/logo_lasarabandedesfillesdelarochelles_-cmjn-.png","width":1293,"height":721,"caption":"La Sarabande des filles de La Rochelle"},"image":{"@id":"https:\/\/sarabandefillesdelarochelle.fr\/#\/schema\/logo\/image\/"},"sameAs":["https:\/\/www.facebook.com\/SarabandedesFillesdeLaRochelle"]}]}},"_links":{"self":[{"href":"https:\/\/sarabandefillesdelarochelle.fr\/index.php\/wp-json\/wp\/v2\/pages\/355","targetHints":{"allow":["GET"]}}],"collection":[{"href":"https:\/\/sarabandefillesdelarochelle.fr\/index.php\/wp-json\/wp\/v2\/pages"}],"about":[{"href":"https:\/\/sarabandefillesdelarochelle.fr\/index.php\/wp-json\/wp\/v2\/types\/page"}],"author":[{"embeddable":true,"href":"https:\/\/sarabandefillesdelarochelle.fr\/index.php\/wp-json\/wp\/v2\/users\/1"}],"replies":[{"embeddable":true,"href":"https:\/\/sarabandefillesdelarochelle.fr\/index.php\/wp-json\/wp\/v2\/comments?post=355"}],"version-history":[{"count":19,"href":"https:\/\/sarabandefillesdelarochelle.fr\/index.php\/wp-json\/wp\/v2\/pages\/355\/revisions"}],"predecessor-version":[{"id":448,"href":"https:\/\/sarabandefillesdelarochelle.fr\/index.php\/wp-json\/wp\/v2\/pages\/355\/revisions\/448"}],"wp:featuredmedia":[{"embeddable":true,"href":"https:\/\/sarabandefillesdelarochelle.fr\/index.php\/wp-json\/wp\/v2\/media\/241"}],"wp:attachment":[{"href":"https:\/\/sarabandefillesdelarochelle.fr\/index.php\/wp-json\/wp\/v2\/media?parent=355"}],"curies":[{"name":"wp","href":"https:\/\/api.w.org\/{rel}","templated":true}]}}