{"id":458,"date":"2026-02-04T11:10:27","date_gmt":"2026-02-04T10:10:27","guid":{"rendered":"https:\/\/sarabandefillesdelarochelle.fr\/?page_id=458"},"modified":"2026-03-25T08:14:14","modified_gmt":"2026-03-25T07:14:14","slug":"edition-2026","status":"publish","type":"page","link":"https:\/\/sarabandefillesdelarochelle.fr\/index.php\/edition-2026\/","title":{"rendered":"Edition 2026 &#8211; 9 mai"},"content":{"rendered":"\n<h2 class=\"wp-block-heading\">Inscriptions<\/h2>\n\n\n\n<p class=\"has-medium-font-size\"><strong>Les inscriptions sont ouvertes:<\/strong> <a href=\"https:\/\/sportinnovation.fr\/Evenements\/Inscriptions\/9033\">https:\/\/sportinnovation.fr\/Evenements\/Inscriptions\/9033<\/a><\/p>\n\n\n\n<p class=\"has-medium-font-size\">Vous devrez fournir imp\u00e9rativement:<\/p>\n\n\n\n<ul class=\"wp-block-list\">\n<li class=\"has-medium-font-size\">Soit votre licence FFA si vous \u00eates licenci\u00e9e<\/li>\n\n\n\n<li class=\"has-medium-font-size\">Soit un PPS (rempla\u00e7ant du certificat m\u00e9dical) accessible sur <a href=\"http:\/\/pps.athle.fr\/\">http:\/\/pps.athle.fr\/<\/a><\/li>\n<\/ul>\n\n\n\n<p class=\"has-medium-font-size\">Depuis 2 ans, la Sarabande des Filles de La Rochelle s&rsquo;est inscrite dans une d\u00e9marche \u00e9co citoyenne (Z\u00e9ro papier). Les inscriptions se font uniquement sur le site Internet de la Sarabande. Les concurrentes devront compl\u00e9ter tous les items pour que leur inscription soit valid\u00e9e, y compris le num\u00e9ro de licence FFA ou num\u00e9ro de PPS ainsi que le paiement en ligne.<\/p>\n\n\n\n<p class=\"has-medium-font-size\">Cette ann\u00e9e la course est ouverte \u00e0 3200 participantes.<\/p>\n\n\n\n<h2 class=\"wp-block-heading\">VERIFICATION D&rsquo;INSCRIPTION<\/h2>\n\n\n\n<p class=\"has-medium-font-size\">Vous pouvez consulter l&rsquo;\u00e9tat de votre inscription en <a href=\"https:\/\/sportinnovation.fr\/Evenements\/Verifications\/9033\">suivant ce lien<\/a><\/p>\n\n\n\n<h2 class=\"wp-block-heading\">RETRAIT DES DOSSARDS<\/h2>\n\n\n\n<p class=\"has-medium-font-size\">Distribution des dossards au Village, \u00e0 L&rsquo;Espace Encan (c\u00f4t\u00e9 Aquarium) le samedi 9 mai entre 10h et 14h.<\/p>\n\n\n\n<p class=\"has-medium-font-size\">Vous devrez pr\u00e9senter d\u2019une pi\u00e8ce d\u2019identit\u00e9 et le QR code re\u00e7u par messagerie.<\/p>\n\n\n\n<h2 class=\"wp-block-heading\">REGLEMENT &amp; INFORMATIONS<\/h2>\n\n\n\n<p class=\"has-medium-font-size\">Veuillez prendre connaissance du <a href=\"https:\/\/sarabandefillesdelarochelle.fr\/wp-content\/uploads\/2026\/02\/Reglement-2026.pdf\" type=\"attachment\" id=\"460\">r\u00e8glement de la course 2026<\/a> et en particulier:<\/p>\n\n\n\n<ul class=\"wp-block-list\">\n<li class=\"has-medium-font-size\">Limite de 3200 participantes, pas d&rsquo;inscription sur place.<\/li>\n\n\n\n<li class=\"has-medium-font-size\"><strong>Limite de temps de course: 1h15<\/strong> pour les 7km.<\/li>\n\n\n\n<li class=\"has-medium-font-size\">D\u00e9part \u00e0 partir de 15h quai de la Georgette par vagues de 1000 participantes<\/li>\n\n\n\n<li class=\"has-medium-font-size\">Aucun accompagnant \u00e0 v\u00e9lo ou roller.<\/li>\n\n\n\n<li class=\"has-medium-font-size\">Aucun accompagnateur masculin, m\u00eame d\u00e9guis\u00e9<\/li>\n\n\n\n<li class=\"has-medium-font-size\">Aucun enfant sur la ligne d&rsquo;arriv\u00e9e<\/li>\n<\/ul>\n\n\n\n<h2 class=\"wp-block-heading\">Une course engag\u00e9e<\/h2>\n\n\n\n<p class=\"has-medium-font-size\">La Sarabande des Filles de La Rochelle b\u00e9n\u00e9ficie depuis plusieurs ann\u00e9es du label \u00ab\u00a0Manifestation co-responsable de la Ville de La Rochelle\u00a0\u00bb.<\/p>\n\n\n\n<figure class=\"wp-block-image size-full\"><img loading=\"lazy\" decoding=\"async\" width=\"187\" height=\"172\" src=\"https:\/\/sarabandefillesdelarochelle.fr\/wp-content\/uploads\/2026\/02\/LR-ECO3.jpg\" alt=\"\" class=\"wp-image-476\"\/><\/figure>\n\n\n\n<p class=\"has-medium-font-size\"><br>Ce label reconnait les efforts faits en mati\u00e8re de tri et r\u00e9duction des d\u00e9chets, de mobilit\u00e9 durable, d&rsquo;\u00e9conomie d&rsquo;\u00e9nergies et d&rsquo;eau, de promotion de la sant\u00e9 et de sensibilisation \u00e0 l&rsquo;\u00e9coresponsabilit\u00e9.<\/p>\n\n\n\n<h2 class=\"wp-block-heading\">Les CHALLENGES<\/h2>\n\n\n\n<p class=\"has-medium-font-size\"><strong>Challenge M\u00e8re-Fille :<\/strong> Podium pour les trois meilleurs performances. Classement sur les temps cumul\u00e9s.<\/p>\n\n\n\n<p class=\"has-medium-font-size\"><strong>Challenge M\u00e8re-Fille-Petite Fille :<\/strong> Podium pour les trois meilleurs performances. Classement sur les temps cumul\u00e9s.<\/p>\n\n\n\n<p class=\"has-medium-font-size\"><strong>Challenge du nombre :<\/strong> Remis au club, association, entreprise, collectivit\u00e9 ayant le plus grand nombre d\u2019arrivantes<\/p>\n\n\n\n<p class=\"has-medium-font-size\"><strong>Challenge des d\u00e9guis\u00e9es : <\/strong>Podium pour les 6 plus beaux d\u00e9guisements en individuel et ou en groupe<\/p>\n\n\n\n<h2 class=\"wp-block-heading\">Le Village<\/h2>\n\n\n\n<p class=\"has-medium-font-size\">Le village est ouvert \u00e0 tous et se tiendra le Samedi 9 mai 2026 dans la grande halle de l&rsquo;Encan de 10h00 \u00e0 14h00.<br>Vous y retrouverez nos b\u00e9n\u00e9voles, nos partenaires et exposants, des animations, un photobooth et plein d\u2019autres surprises.<br><strong>Parkings gratuits 1h \u00e0 proximit\u00e9<\/strong><br><strong>Privil\u00e9gier les modes de mobilit\u00e9 les plus propres tels que le v\u00e9lo, \u00e0 pied, le bus ILLICO 4\u2026.<\/strong><\/p>\n\n\n\n<h2 class=\"wp-block-heading\">PLAN DU PARCOURS<\/h2>\n\n\n\n<p class=\"has-medium-font-size\"><iframe width=\"100%\" height=\"500\" loading=\"lazy\" src=\"https:\/\/www.openrunner.com\/embed.html?code=704c6e4a486e3936485a7566326a464b754d566a39695a4b32656a7935455347614a32477a7633384b30493d3a3adf1f102ce3e2b751ae81f3ea9dccdfde&lang=fr&unit=metric\" style=\"border: none;\"><\/iframe><\/p>\n\n\n\n<p><\/p>\n","protected":false},"excerpt":{"rendered":"<p>Inscriptions Les inscriptions sont ouvertes: https:\/\/sportinnovation.fr\/Evenements\/Inscriptions\/9033 Vous devrez fournir imp\u00e9rativement: Depuis 2 ans, la Sarabande des Filles de La Rochelle s&rsquo;est inscrite dans une d\u00e9marche \u00e9co citoyenne (Z\u00e9ro papier). Les inscriptions se font uniquement sur le site Internet de la Sarabande. Les concurrentes devront compl\u00e9ter tous les items pour que leur inscription soit valid\u00e9e, y [&hellip;]<\/p>\n","protected":false},"author":1,"featured_media":0,"parent":0,"menu_order":0,"comment_status":"closed","ping_status":"closed","template":"","meta":{"footnotes":""},"class_list":["post-458","page","type-page","status-publish","hentry"],"blocksy_meta":[],"yoast_head":"<!-- This site is optimized with the Yoast SEO plugin v26.9 - https:\/\/yoast.com\/product\/yoast-seo-wordpress\/ -->\n<title>Edition 2026 - 9 mai - La Sarabande des filles de La Rochelle<\/title>\n<meta name=\"robots\" content=\"index, follow, max-snippet:-1, max-image-preview:large, max-video-preview:-1\" \/>\n<link rel=\"canonical\" href=\"https:\/\/sarabandefillesdelarochelle.fr\/index.php\/edition-2026\/\" \/>\n<meta property=\"og:locale\" content=\"fr_FR\" \/>\n<meta property=\"og:type\" content=\"article\" \/>\n<meta property=\"og:title\" content=\"Edition 2026 - 9 mai - La Sarabande des filles de La Rochelle\" \/>\n<meta property=\"og:description\" content=\"Inscriptions Les inscriptions sont ouvertes: https:\/\/sportinnovation.fr\/Evenements\/Inscriptions\/9033 Vous devrez fournir imp\u00e9rativement: Depuis 2 ans, la Sarabande des Filles de La Rochelle s&rsquo;est inscrite dans une d\u00e9marche \u00e9co citoyenne (Z\u00e9ro papier). Les inscriptions se font uniquement sur le site Internet de la Sarabande. Les concurrentes devront compl\u00e9ter tous les items pour que leur inscription soit valid\u00e9e, y [&hellip;]\" \/>\n<meta property=\"og:url\" content=\"https:\/\/sarabandefillesdelarochelle.fr\/index.php\/edition-2026\/\" \/>\n<meta property=\"og:site_name\" content=\"La Sarabande des filles de La Rochelle\" \/>\n<meta property=\"article:publisher\" content=\"https:\/\/www.facebook.com\/SarabandedesFillesdeLaRochelle\" \/>\n<meta property=\"article:modified_time\" content=\"2026-03-25T07:14:14+00:00\" \/>\n<meta property=\"og:image\" content=\"https:\/\/sarabandefillesdelarochelle.fr\/wp-content\/uploads\/2026\/02\/LR-ECO3.jpg\" \/>\n\t<meta property=\"og:image:width\" content=\"187\" \/>\n\t<meta property=\"og:image:height\" content=\"172\" \/>\n\t<meta property=\"og:image:type\" content=\"image\/jpeg\" \/>\n<meta name=\"twitter:card\" content=\"summary_large_image\" \/>\n<meta name=\"twitter:label1\" content=\"Dur\u00e9e de lecture estim\u00e9e\" \/>\n\t<meta name=\"twitter:data1\" content=\"3 minutes\" \/>\n<script type=\"application\/ld+json\" class=\"yoast-schema-graph\">{\"@context\":\"https:\/\/schema.org\",\"@graph\":[{\"@type\":\"WebPage\",\"@id\":\"https:\/\/sarabandefillesdelarochelle.fr\/index.php\/edition-2026\/\",\"url\":\"https:\/\/sarabandefillesdelarochelle.fr\/index.php\/edition-2026\/\",\"name\":\"Edition 2026 - 9 mai - La Sarabande des filles de La Rochelle\",\"isPartOf\":{\"@id\":\"https:\/\/sarabandefillesdelarochelle.fr\/#website\"},\"primaryImageOfPage\":{\"@id\":\"https:\/\/sarabandefillesdelarochelle.fr\/index.php\/edition-2026\/#primaryimage\"},\"image\":{\"@id\":\"https:\/\/sarabandefillesdelarochelle.fr\/index.php\/edition-2026\/#primaryimage\"},\"thumbnailUrl\":\"https:\/\/sarabandefillesdelarochelle.fr\/wp-content\/uploads\/2026\/02\/LR-ECO3.jpg\",\"datePublished\":\"2026-02-04T10:10:27+00:00\",\"dateModified\":\"2026-03-25T07:14:14+00:00\",\"breadcrumb\":{\"@id\":\"https:\/\/sarabandefillesdelarochelle.fr\/index.php\/edition-2026\/#breadcrumb\"},\"inLanguage\":\"fr-FR\",\"potentialAction\":[{\"@type\":\"ReadAction\",\"target\":[\"https:\/\/sarabandefillesdelarochelle.fr\/index.php\/edition-2026\/\"]}]},{\"@type\":\"ImageObject\",\"inLanguage\":\"fr-FR\",\"@id\":\"https:\/\/sarabandefillesdelarochelle.fr\/index.php\/edition-2026\/#primaryimage\",\"url\":\"https:\/\/sarabandefillesdelarochelle.fr\/wp-content\/uploads\/2026\/02\/LR-ECO3.jpg\",\"contentUrl\":\"https:\/\/sarabandefillesdelarochelle.fr\/wp-content\/uploads\/2026\/02\/LR-ECO3.jpg\",\"width\":187,\"height\":172},{\"@type\":\"BreadcrumbList\",\"@id\":\"https:\/\/sarabandefillesdelarochelle.fr\/index.php\/edition-2026\/#breadcrumb\",\"itemListElement\":[{\"@type\":\"ListItem\",\"position\":1,\"name\":\"Accueil\",\"item\":\"https:\/\/sarabandefillesdelarochelle.fr\/\"},{\"@type\":\"ListItem\",\"position\":2,\"name\":\"Edition 2026 &#8211; 9 mai\"}]},{\"@type\":\"WebSite\",\"@id\":\"https:\/\/sarabandefillesdelarochelle.fr\/#website\",\"url\":\"https:\/\/sarabandefillesdelarochelle.fr\/\",\"name\":\"La Sarabande des filles de La Rochelle\",\"description\":\"\",\"publisher\":{\"@id\":\"https:\/\/sarabandefillesdelarochelle.fr\/#organization\"},\"potentialAction\":[{\"@type\":\"SearchAction\",\"target\":{\"@type\":\"EntryPoint\",\"urlTemplate\":\"https:\/\/sarabandefillesdelarochelle.fr\/?s={search_term_string}\"},\"query-input\":{\"@type\":\"PropertyValueSpecification\",\"valueRequired\":true,\"valueName\":\"search_term_string\"}}],\"inLanguage\":\"fr-FR\"},{\"@type\":\"Organization\",\"@id\":\"https:\/\/sarabandefillesdelarochelle.fr\/#organization\",\"name\":\"La Sarabande des filles de La Rochelle\",\"url\":\"https:\/\/sarabandefillesdelarochelle.fr\/\",\"logo\":{\"@type\":\"ImageObject\",\"inLanguage\":\"fr-FR\",\"@id\":\"https:\/\/sarabandefillesdelarochelle.fr\/#\/schema\/logo\/image\/\",\"url\":\"https:\/\/sarabandefillesdelarochelle.fr\/wp-content\/uploads\/2026\/02\/logo_lasarabandedesfillesdelarochelles_-cmjn-.png\",\"contentUrl\":\"https:\/\/sarabandefillesdelarochelle.fr\/wp-content\/uploads\/2026\/02\/logo_lasarabandedesfillesdelarochelles_-cmjn-.png\",\"width\":1293,\"height\":721,\"caption\":\"La Sarabande des filles de La Rochelle\"},\"image\":{\"@id\":\"https:\/\/sarabandefillesdelarochelle.fr\/#\/schema\/logo\/image\/\"},\"sameAs\":[\"https:\/\/www.facebook.com\/SarabandedesFillesdeLaRochelle\"]}]}<\/script>\n<!-- \/ Yoast SEO plugin. -->","yoast_head_json":{"title":"Edition 2026 - 9 mai - La Sarabande des filles de La Rochelle","robots":{"index":"index","follow":"follow","max-snippet":"max-snippet:-1","max-image-preview":"max-image-preview:large","max-video-preview":"max-video-preview:-1"},"canonical":"https:\/\/sarabandefillesdelarochelle.fr\/index.php\/edition-2026\/","og_locale":"fr_FR","og_type":"article","og_title":"Edition 2026 - 9 mai - La Sarabande des filles de La Rochelle","og_description":"Inscriptions Les inscriptions sont ouvertes: https:\/\/sportinnovation.fr\/Evenements\/Inscriptions\/9033 Vous devrez fournir imp\u00e9rativement: Depuis 2 ans, la Sarabande des Filles de La Rochelle s&rsquo;est inscrite dans une d\u00e9marche \u00e9co citoyenne (Z\u00e9ro papier). Les inscriptions se font uniquement sur le site Internet de la Sarabande. Les concurrentes devront compl\u00e9ter tous les items pour que leur inscription soit valid\u00e9e, y [&hellip;]","og_url":"https:\/\/sarabandefillesdelarochelle.fr\/index.php\/edition-2026\/","og_site_name":"La Sarabande des filles de La Rochelle","article_publisher":"https:\/\/www.facebook.com\/SarabandedesFillesdeLaRochelle","article_modified_time":"2026-03-25T07:14:14+00:00","og_image":[{"width":187,"height":172,"url":"https:\/\/sarabandefillesdelarochelle.fr\/wp-content\/uploads\/2026\/02\/LR-ECO3.jpg","type":"image\/jpeg"}],"twitter_card":"summary_large_image","twitter_misc":{"Dur\u00e9e de lecture estim\u00e9e":"3 minutes"},"schema":{"@context":"https:\/\/schema.org","@graph":[{"@type":"WebPage","@id":"https:\/\/sarabandefillesdelarochelle.fr\/index.php\/edition-2026\/","url":"https:\/\/sarabandefillesdelarochelle.fr\/index.php\/edition-2026\/","name":"Edition 2026 - 9 mai - La Sarabande des filles de La Rochelle","isPartOf":{"@id":"https:\/\/sarabandefillesdelarochelle.fr\/#website"},"primaryImageOfPage":{"@id":"https:\/\/sarabandefillesdelarochelle.fr\/index.php\/edition-2026\/#primaryimage"},"image":{"@id":"https:\/\/sarabandefillesdelarochelle.fr\/index.php\/edition-2026\/#primaryimage"},"thumbnailUrl":"https:\/\/sarabandefillesdelarochelle.fr\/wp-content\/uploads\/2026\/02\/LR-ECO3.jpg","datePublished":"2026-02-04T10:10:27+00:00","dateModified":"2026-03-25T07:14:14+00:00","breadcrumb":{"@id":"https:\/\/sarabandefillesdelarochelle.fr\/index.php\/edition-2026\/#breadcrumb"},"inLanguage":"fr-FR","potentialAction":[{"@type":"ReadAction","target":["https:\/\/sarabandefillesdelarochelle.fr\/index.php\/edition-2026\/"]}]},{"@type":"ImageObject","inLanguage":"fr-FR","@id":"https:\/\/sarabandefillesdelarochelle.fr\/index.php\/edition-2026\/#primaryimage","url":"https:\/\/sarabandefillesdelarochelle.fr\/wp-content\/uploads\/2026\/02\/LR-ECO3.jpg","contentUrl":"https:\/\/sarabandefillesdelarochelle.fr\/wp-content\/uploads\/2026\/02\/LR-ECO3.jpg","width":187,"height":172},{"@type":"BreadcrumbList","@id":"https:\/\/sarabandefillesdelarochelle.fr\/index.php\/edition-2026\/#breadcrumb","itemListElement":[{"@type":"ListItem","position":1,"name":"Accueil","item":"https:\/\/sarabandefillesdelarochelle.fr\/"},{"@type":"ListItem","position":2,"name":"Edition 2026 &#8211; 9 mai"}]},{"@type":"WebSite","@id":"https:\/\/sarabandefillesdelarochelle.fr\/#website","url":"https:\/\/sarabandefillesdelarochelle.fr\/","name":"La Sarabande des filles de La Rochelle","description":"","publisher":{"@id":"https:\/\/sarabandefillesdelarochelle.fr\/#organization"},"potentialAction":[{"@type":"SearchAction","target":{"@type":"EntryPoint","urlTemplate":"https:\/\/sarabandefillesdelarochelle.fr\/?s={search_term_string}"},"query-input":{"@type":"PropertyValueSpecification","valueRequired":true,"valueName":"search_term_string"}}],"inLanguage":"fr-FR"},{"@type":"Organization","@id":"https:\/\/sarabandefillesdelarochelle.fr\/#organization","name":"La Sarabande des filles de La Rochelle","url":"https:\/\/sarabandefillesdelarochelle.fr\/","logo":{"@type":"ImageObject","inLanguage":"fr-FR","@id":"https:\/\/sarabandefillesdelarochelle.fr\/#\/schema\/logo\/image\/","url":"https:\/\/sarabandefillesdelarochelle.fr\/wp-content\/uploads\/2026\/02\/logo_lasarabandedesfillesdelarochelles_-cmjn-.png","contentUrl":"https:\/\/sarabandefillesdelarochelle.fr\/wp-content\/uploads\/2026\/02\/logo_lasarabandedesfillesdelarochelles_-cmjn-.png","width":1293,"height":721,"caption":"La Sarabande des filles de La Rochelle"},"image":{"@id":"https:\/\/sarabandefillesdelarochelle.fr\/#\/schema\/logo\/image\/"},"sameAs":["https:\/\/www.facebook.com\/SarabandedesFillesdeLaRochelle"]}]}},"_links":{"self":[{"href":"https:\/\/sarabandefillesdelarochelle.fr\/index.php\/wp-json\/wp\/v2\/pages\/458","targetHints":{"allow":["GET"]}}],"collection":[{"href":"https:\/\/sarabandefillesdelarochelle.fr\/index.php\/wp-json\/wp\/v2\/pages"}],"about":[{"href":"https:\/\/sarabandefillesdelarochelle.fr\/index.php\/wp-json\/wp\/v2\/types\/page"}],"author":[{"embeddable":true,"href":"https:\/\/sarabandefillesdelarochelle.fr\/index.php\/wp-json\/wp\/v2\/users\/1"}],"replies":[{"embeddable":true,"href":"https:\/\/sarabandefillesdelarochelle.fr\/index.php\/wp-json\/wp\/v2\/comments?post=458"}],"version-history":[{"count":18,"href":"https:\/\/sarabandefillesdelarochelle.fr\/index.php\/wp-json\/wp\/v2\/pages\/458\/revisions"}],"predecessor-version":[{"id":503,"href":"https:\/\/sarabandefillesdelarochelle.fr\/index.php\/wp-json\/wp\/v2\/pages\/458\/revisions\/503"}],"wp:attachment":[{"href":"https:\/\/sarabandefillesdelarochelle.fr\/index.php\/wp-json\/wp\/v2\/media?parent=458"}],"curies":[{"name":"wp","href":"https:\/\/api.w.org\/{rel}","templated":true}]}}